{"id":8827,"date":"2026-02-18T14:43:22","date_gmt":"2026-02-18T13:43:22","guid":{"rendered":"https:\/\/www.bleichert.de\/?page_id=8827"},"modified":"2026-02-18T14:43:23","modified_gmt":"2026-02-18T13:43:23","slug":"kununu-2024-2","status":"publish","type":"page","link":"https:\/\/www.bleichert.de\/en\/kununu-2024-2\/","title":{"rendered":"KUNUNU 2024"},"content":{"rendered":"<p><div class=\"fusion-fullwidth fullwidth-box fusion-builder-row-1 fusion-flex-container nonhundred-percent-fullwidth non-hundred-percent-height-scrolling\" style=\"--awb-border-radius-top-left:0px;--awb-border-radius-top-right:0px;--awb-border-radius-bottom-right:0px;--awb-border-radius-bottom-left:0px;--awb-padding-right:0px;--awb-padding-left:0px;--awb-flex-wrap:wrap;\" ><div class=\"fusion-builder-row fusion-row fusion-flex-align-items-flex-start fusion-flex-content-wrap\" style=\"max-width:1664px;margin-left: calc(-4% \/ 2 );margin-right: calc(-4% \/ 2 );\"><div class=\"fusion-layout-column fusion_builder_column fusion-builder-column-0 fusion_builder_column_1_1 1_1 fusion-flex-column\" style=\"--awb-bg-size:cover;--awb-width-large:100%;--awb-margin-top-large:0px;--awb-spacing-right-large:1.92%;--awb-margin-bottom-large:0px;--awb-spacing-left-large:1.92%;--awb-width-medium:100%;--awb-order-medium:0;--awb-spacing-right-medium:1.92%;--awb-spacing-left-medium:1.92%;--awb-width-small:100%;--awb-order-small:0;--awb-spacing-right-small:1.92%;--awb-spacing-left-small:1.92%;\"><div class=\"fusion-column-wrapper fusion-column-has-shadow fusion-flex-justify-content-flex-start fusion-content-layout-column\">\n<div class=\"fusion-slider-revolution rev_slider_wrapper\">\t\t\t<!-- START news_topcompany REVOLUTION SLIDER 6.7.41 --><p class=\"rs-p-wp-fix\"><\/p>\n\t\t\t<rs-module-wrap id=\"rev_slider_150_1_wrapper\" data-source=\"gallery\" style=\"visibility:hidden;background:transparent;padding:0;margin:0px auto;margin-top:0;margin-bottom:0;\">\n\t\t\t\t<rs-module id=\"rev_slider_150_1\" style=\"\" data-version=\"6.7.41\">\n\t\t\t\t\t<div class=\"rs_error_message_box\">\n\t\t\t\t\t\t<div class=\"rs_error_message_oops\">There is nothing to show here!<\/div>\n\t\t\t\t\t\t<div class=\"rs_error_message_content\">Make sure to add slides to the slider<\/div>\n\t\t\t\t\t<\/div>\n\t\t\t\t<\/rs-module>\n\t\t\t<\/rs-module-wrap>\n\t\t\t<script>\n\t\t\t\tvar rs_eslider = document.getElementById(\"rev_slider_150_1\");\n\t\t\t\trs_eslider.style.display = \"none\";\n\t\t\t\tconsole.log(\"Make sure to add slides to the slider\");\n\t\t\t<\/script>\n<\/div><\/div><\/div><\/div><\/div><div class=\"fusion-fullwidth fullwidth-box fusion-builder-row-2 fusion-flex-container nonhundred-percent-fullwidth non-hundred-percent-height-scrolling\" style=\"--awb-border-radius-top-left:0px;--awb-border-radius-top-right:0px;--awb-border-radius-bottom-right:0px;--awb-border-radius-bottom-left:0px;--awb-padding-top:59px;--awb-padding-top-medium:24px;--awb-padding-top-small:26px;--awb-flex-wrap:wrap;\" ><div class=\"fusion-builder-row fusion-row fusion-flex-align-items-flex-start fusion-flex-justify-content-center fusion-flex-content-wrap\" style=\"max-width:1664px;margin-left: calc(-4% \/ 2 );margin-right: calc(-4% \/ 2 );\"><div class=\"fusion-layout-column fusion_builder_column fusion-builder-column-1 fusion_builder_column_3_5 3_5 fusion-flex-column\" style=\"--awb-bg-size:cover;--awb-width-large:60%;--awb-margin-top-large:0px;--awb-spacing-right-large:3.2%;--awb-margin-bottom-large:0px;--awb-spacing-left-large:3.2%;--awb-width-medium:75%;--awb-order-medium:0;--awb-spacing-right-medium:2.56%;--awb-margin-bottom-medium:0px;--awb-spacing-left-medium:2.56%;--awb-width-small:100%;--awb-order-small:0;--awb-spacing-right-small:1.92%;--awb-margin-bottom-small:0px;--awb-spacing-left-small:1.92%;\"><div class=\"fusion-column-wrapper fusion-column-has-shadow fusion-flex-justify-content-flex-start fusion-content-layout-column\"><div class=\"fusion-text fusion-text-1\"><h1 style=\"text-align: center;\">NEWS<\/h1>\n<h3 style=\"text-align: center;\">What&#8217;s new at BLEICHERT<sup>\u00ae<\/sup>.<\/h3>\n<\/div><\/div><\/div><div class=\"fusion-layout-column fusion_builder_column fusion-builder-column-2 fusion_builder_column_3_5 3_5 fusion-flex-column\" style=\"--awb-padding-top:25px;--awb-bg-size:cover;--awb-width-large:60%;--awb-margin-top-large:0px;--awb-spacing-right-large:3.2%;--awb-margin-bottom-large:0px;--awb-spacing-left-large:3.2%;--awb-width-medium:75%;--awb-order-medium:0;--awb-spacing-right-medium:2.56%;--awb-margin-bottom-medium:0px;--awb-spacing-left-medium:2.56%;--awb-width-small:100%;--awb-order-small:0;--awb-spacing-right-small:1.92%;--awb-margin-bottom-small:0px;--awb-spacing-left-small:1.92%;\"><div class=\"fusion-column-wrapper fusion-column-has-shadow fusion-flex-justify-content-flex-start fusion-content-layout-column\"><div class=\"fusion-text fusion-text-2\" style=\"--awb-font-size:28px;\"><h4 style=\"text-align: left;\">For the 3rd time in a row: BLEICHERT is kununu TOP COMPANY!<\/h4>\n<\/div><\/div><\/div><div class=\"fusion-layout-column fusion_builder_column fusion-builder-column-3 fusion_builder_column_3_5 3_5 fusion-flex-column\" style=\"--awb-bg-size:cover;--awb-width-large:60%;--awb-margin-top-large:0px;--awb-spacing-right-large:3.2%;--awb-margin-bottom-large:91px;--awb-spacing-left-large:3.2%;--awb-width-medium:75%;--awb-order-medium:0;--awb-spacing-right-medium:2.56%;--awb-margin-bottom-medium:54px;--awb-spacing-left-medium:2.56%;--awb-width-small:100%;--awb-order-small:0;--awb-spacing-right-small:1.92%;--awb-margin-bottom-small:49px;--awb-spacing-left-small:1.92%;\"><div class=\"fusion-column-wrapper fusion-column-has-shadow fusion-flex-justify-content-flex-start fusion-content-layout-column\"><div class=\"fusion-builder-row fusion-builder-row-inner fusion-row fusion-flex-align-items-flex-start fusion-flex-justify-content-center fusion-flex-content-wrap\" style=\"width:104% !important;max-width:104% !important;margin-left: calc(-4% \/ 2 );margin-right: calc(-4% \/ 2 );\"><div class=\"fusion-layout-column fusion_builder_column_inner fusion-builder-nested-column-0 fusion_builder_column_inner_1_4 1_4 fusion-flex-column\" style=\"--awb-bg-size:cover;--awb-width-large:25%;--awb-margin-top-large:0px;--awb-spacing-right-large:7.68%;--awb-margin-bottom-large:20px;--awb-spacing-left-large:7.68%;--awb-width-medium:25%;--awb-order-medium:0;--awb-spacing-right-medium:7.68%;--awb-spacing-left-medium:7.68%;--awb-width-small:100%;--awb-order-small:0;--awb-spacing-right-small:1.92%;--awb-spacing-left-small:1.92%;\" data-scroll-devices=\"small-visibility,medium-visibility,large-visibility\"><div class=\"fusion-column-wrapper fusion-column-has-shadow fusion-flex-justify-content-flex-start fusion-content-layout-column\"><div class=\"fusion-image-element \" style=\"--awb-caption-title-font-family:var(--h2_typography-font-family);--awb-caption-title-font-weight:var(--h2_typography-font-weight);--awb-caption-title-font-style:var(--h2_typography-font-style);--awb-caption-title-size:var(--h2_typography-font-size);--awb-caption-title-transform:var(--h2_typography-text-transform);--awb-caption-title-line-height:var(--h2_typography-line-height);--awb-caption-title-letter-spacing:var(--h2_typography-letter-spacing);\"><span class=\" fusion-imageframe imageframe-none imageframe-1 hover-type-none\"><img decoding=\"async\" width=\"300\" height=\"533\" title=\"3_Konfetti\" src=\"https:\/\/www.bleichert.de\/wp-content\/uploads\/2023\/12\/3_Konfetti-300x533.png\" alt class=\"img-responsive wp-image-6900\" srcset=\"https:\/\/www.bleichert.de\/wp-content\/uploads\/2023\/12\/3_Konfetti-200x356.png 200w, https:\/\/www.bleichert.de\/wp-content\/uploads\/2023\/12\/3_Konfetti-400x711.png 400w, https:\/\/www.bleichert.de\/wp-content\/uploads\/2023\/12\/3_Konfetti-600x1067.png 600w, https:\/\/www.bleichert.de\/wp-content\/uploads\/2023\/12\/3_Konfetti-800x1422.png 800w, https:\/\/www.bleichert.de\/wp-content\/uploads\/2023\/12\/3_Konfetti.png 1080w\" sizes=\"(max-width: 800px) 100vw, 400px\" \/><\/span><\/div><\/div><\/div><div class=\"fusion-layout-column fusion_builder_column_inner fusion-builder-nested-column-1 fusion_builder_column_inner_3_4 3_4 fusion-flex-column\" style=\"--awb-bg-size:cover;--awb-width-large:75%;--awb-margin-top-large:0px;--awb-spacing-right-large:2.56%;--awb-margin-bottom-large:20px;--awb-spacing-left-large:2.56%;--awb-width-medium:75%;--awb-order-medium:0;--awb-spacing-right-medium:2.56%;--awb-spacing-left-medium:2.56%;--awb-width-small:100%;--awb-order-small:0;--awb-spacing-right-small:1.92%;--awb-spacing-left-small:1.92%;\"><div class=\"fusion-column-wrapper fusion-column-has-shadow fusion-flex-justify-content-flex-start fusion-content-layout-column\"><div class=\"fusion-text fusion-text-3\"><p>For the 3rd time in a row: As in the previous year, BLEICHERT Automation is also the recipient of the &#8220;Top Company&#8221; award from the employer rating portal kununu in 2024.<\/p>\n<p>On kununu, employees rate various aspects of an employer such as work-life balance, supervisor behavior and equal rights. Only 5% of the companies registered on the platform qualify for the Top Company award &#8211; so we are all the more pleased to meet the criteria.<\/p>\n<p>We would like to thank all our employees for their daily contribution to our special working atmosphere. This positive feedback would not be possible without our #teamB!<\/p>\n<\/div><\/div><\/div><\/div><\/div><\/div><\/div><\/div><\/p>\n","protected":false},"excerpt":{"rendered":"","protected":false},"author":30,"featured_media":0,"parent":0,"menu_order":3,"comment_status":"closed","ping_status":"closed","template":"100-width.php","meta":{"footnotes":""},"class_list":["post-8827","page","type-page","status-publish","hentry"],"yoast_head":"<!-- This site is optimized with the Yoast SEO plugin v27.3 - https:\/\/yoast.com\/product\/yoast-seo-wordpress\/ -->\n<title>KUNUNU 2024 - BLEICHERT Automation GmbH &amp; Co. KG - F\u00f6rdertechnik<\/title>\n<meta name=\"robots\" content=\"index, follow, max-snippet:-1, max-image-preview:large, max-video-preview:-1\" \/>\n<link rel=\"canonical\" href=\"https:\/\/www.bleichert.de\/en\/kununu-2024-2\/\" \/>\n<meta property=\"og:locale\" content=\"en_US\" \/>\n<meta property=\"og:type\" content=\"article\" \/>\n<meta property=\"og:title\" content=\"KUNUNU 2024 - BLEICHERT Automation GmbH &amp; Co. KG - F\u00f6rdertechnik\" \/>\n<meta property=\"og:url\" content=\"https:\/\/www.bleichert.de\/en\/kununu-2024-2\/\" \/>\n<meta property=\"og:site_name\" content=\"BLEICHERT Automation GmbH &amp; Co. KG - F\u00f6rdertechnik\" \/>\n<meta property=\"article:modified_time\" content=\"2026-02-18T13:43:23+00:00\" \/>\n<meta name=\"twitter:card\" content=\"summary_large_image\" \/>\n<meta name=\"twitter:label1\" content=\"Est. reading time\" \/>\n\t<meta name=\"twitter:data1\" content=\"1 minute\" \/>\n<script type=\"application\/ld+json\" class=\"yoast-schema-graph\">{\"@context\":\"https:\\\/\\\/schema.org\",\"@graph\":[{\"@type\":\"WebPage\",\"@id\":\"https:\\\/\\\/www.bleichert.de\\\/en\\\/kununu-2024-2\\\/\",\"url\":\"https:\\\/\\\/www.bleichert.de\\\/en\\\/kununu-2024-2\\\/\",\"name\":\"KUNUNU 2024 - BLEICHERT Automation GmbH &amp; Co. KG - F\u00f6rdertechnik\",\"isPartOf\":{\"@id\":\"https:\\\/\\\/www.bleichert.de\\\/en\\\/#website\"},\"datePublished\":\"2026-02-18T13:43:22+00:00\",\"dateModified\":\"2026-02-18T13:43:23+00:00\",\"breadcrumb\":{\"@id\":\"https:\\\/\\\/www.bleichert.de\\\/en\\\/kununu-2024-2\\\/#breadcrumb\"},\"inLanguage\":\"en-US\",\"potentialAction\":[{\"@type\":\"ReadAction\",\"target\":[\"https:\\\/\\\/www.bleichert.de\\\/en\\\/kununu-2024-2\\\/\"]}]},{\"@type\":\"BreadcrumbList\",\"@id\":\"https:\\\/\\\/www.bleichert.de\\\/en\\\/kununu-2024-2\\\/#breadcrumb\",\"itemListElement\":[{\"@type\":\"ListItem\",\"position\":1,\"name\":\"Startseite\",\"item\":\"https:\\\/\\\/www.bleichert.de\\\/en\\\/\"},{\"@type\":\"ListItem\",\"position\":2,\"name\":\"KUNUNU 2024\"}]},{\"@type\":\"WebSite\",\"@id\":\"https:\\\/\\\/www.bleichert.de\\\/en\\\/#website\",\"url\":\"https:\\\/\\\/www.bleichert.de\\\/en\\\/\",\"name\":\"BLEICHERT Automation GmbH &amp; Co. KG - F\u00f6rdertechnik\",\"description\":\"Individuellen Anlagen f\u00fcr die Automatisierung, der F\u00f6rdertechnik, sowie der Transport- und Verkettungstechnik\",\"publisher\":{\"@id\":\"https:\\\/\\\/www.bleichert.de\\\/en\\\/#organization\"},\"potentialAction\":[{\"@type\":\"SearchAction\",\"target\":{\"@type\":\"EntryPoint\",\"urlTemplate\":\"https:\\\/\\\/www.bleichert.de\\\/en\\\/?s={search_term_string}\"},\"query-input\":{\"@type\":\"PropertyValueSpecification\",\"valueRequired\":true,\"valueName\":\"search_term_string\"}}],\"inLanguage\":\"en-US\"},{\"@type\":\"Organization\",\"@id\":\"https:\\\/\\\/www.bleichert.de\\\/en\\\/#organization\",\"name\":\"BLEICHERT Automation GmbH & Co. KG\",\"url\":\"https:\\\/\\\/www.bleichert.de\\\/en\\\/\",\"logo\":{\"@type\":\"ImageObject\",\"inLanguage\":\"en-US\",\"@id\":\"https:\\\/\\\/www.bleichert.de\\\/en\\\/#\\\/schema\\\/logo\\\/image\\\/\",\"url\":\"https:\\\/\\\/www.bleichert.de\\\/wp-content\\\/uploads\\\/2022\\\/05\\\/logo_bleichert_hometop.jpg\",\"contentUrl\":\"https:\\\/\\\/www.bleichert.de\\\/wp-content\\\/uploads\\\/2022\\\/05\\\/logo_bleichert_hometop.jpg\",\"width\":315,\"height\":75,\"caption\":\"BLEICHERT Automation GmbH & Co. KG\"},\"image\":{\"@id\":\"https:\\\/\\\/www.bleichert.de\\\/en\\\/#\\\/schema\\\/logo\\\/image\\\/\"}}]}<\/script>\n<!-- \/ Yoast SEO plugin. -->","yoast_head_json":{"title":"KUNUNU 2024 - BLEICHERT Automation GmbH &amp; Co. KG - F\u00f6rdertechnik","robots":{"index":"index","follow":"follow","max-snippet":"max-snippet:-1","max-image-preview":"max-image-preview:large","max-video-preview":"max-video-preview:-1"},"canonical":"https:\/\/www.bleichert.de\/en\/kununu-2024-2\/","og_locale":"en_US","og_type":"article","og_title":"KUNUNU 2024 - BLEICHERT Automation GmbH &amp; Co. KG - F\u00f6rdertechnik","og_url":"https:\/\/www.bleichert.de\/en\/kununu-2024-2\/","og_site_name":"BLEICHERT Automation GmbH &amp; Co. KG - F\u00f6rdertechnik","article_modified_time":"2026-02-18T13:43:23+00:00","twitter_card":"summary_large_image","twitter_misc":{"Est. reading time":"1 minute"},"schema":{"@context":"https:\/\/schema.org","@graph":[{"@type":"WebPage","@id":"https:\/\/www.bleichert.de\/en\/kununu-2024-2\/","url":"https:\/\/www.bleichert.de\/en\/kununu-2024-2\/","name":"KUNUNU 2024 - BLEICHERT Automation GmbH &amp; Co. KG - F\u00f6rdertechnik","isPartOf":{"@id":"https:\/\/www.bleichert.de\/en\/#website"},"datePublished":"2026-02-18T13:43:22+00:00","dateModified":"2026-02-18T13:43:23+00:00","breadcrumb":{"@id":"https:\/\/www.bleichert.de\/en\/kununu-2024-2\/#breadcrumb"},"inLanguage":"en-US","potentialAction":[{"@type":"ReadAction","target":["https:\/\/www.bleichert.de\/en\/kununu-2024-2\/"]}]},{"@type":"BreadcrumbList","@id":"https:\/\/www.bleichert.de\/en\/kununu-2024-2\/#breadcrumb","itemListElement":[{"@type":"ListItem","position":1,"name":"Startseite","item":"https:\/\/www.bleichert.de\/en\/"},{"@type":"ListItem","position":2,"name":"KUNUNU 2024"}]},{"@type":"WebSite","@id":"https:\/\/www.bleichert.de\/en\/#website","url":"https:\/\/www.bleichert.de\/en\/","name":"BLEICHERT Automation GmbH &amp; Co. KG - F\u00f6rdertechnik","description":"Individuellen Anlagen f\u00fcr die Automatisierung, der F\u00f6rdertechnik, sowie der Transport- und Verkettungstechnik","publisher":{"@id":"https:\/\/www.bleichert.de\/en\/#organization"},"potentialAction":[{"@type":"SearchAction","target":{"@type":"EntryPoint","urlTemplate":"https:\/\/www.bleichert.de\/en\/?s={search_term_string}"},"query-input":{"@type":"PropertyValueSpecification","valueRequired":true,"valueName":"search_term_string"}}],"inLanguage":"en-US"},{"@type":"Organization","@id":"https:\/\/www.bleichert.de\/en\/#organization","name":"BLEICHERT Automation GmbH & Co. KG","url":"https:\/\/www.bleichert.de\/en\/","logo":{"@type":"ImageObject","inLanguage":"en-US","@id":"https:\/\/www.bleichert.de\/en\/#\/schema\/logo\/image\/","url":"https:\/\/www.bleichert.de\/wp-content\/uploads\/2022\/05\/logo_bleichert_hometop.jpg","contentUrl":"https:\/\/www.bleichert.de\/wp-content\/uploads\/2022\/05\/logo_bleichert_hometop.jpg","width":315,"height":75,"caption":"BLEICHERT Automation GmbH & Co. KG"},"image":{"@id":"https:\/\/www.bleichert.de\/en\/#\/schema\/logo\/image\/"}}]}},"_links":{"self":[{"href":"https:\/\/www.bleichert.de\/en\/wp-json\/wp\/v2\/pages\/8827","targetHints":{"allow":["GET"]}}],"collection":[{"href":"https:\/\/www.bleichert.de\/en\/wp-json\/wp\/v2\/pages"}],"about":[{"href":"https:\/\/www.bleichert.de\/en\/wp-json\/wp\/v2\/types\/page"}],"author":[{"embeddable":true,"href":"https:\/\/www.bleichert.de\/en\/wp-json\/wp\/v2\/users\/30"}],"replies":[{"embeddable":true,"href":"https:\/\/www.bleichert.de\/en\/wp-json\/wp\/v2\/comments?post=8827"}],"version-history":[{"count":1,"href":"https:\/\/www.bleichert.de\/en\/wp-json\/wp\/v2\/pages\/8827\/revisions"}],"predecessor-version":[{"id":8828,"href":"https:\/\/www.bleichert.de\/en\/wp-json\/wp\/v2\/pages\/8827\/revisions\/8828"}],"wp:attachment":[{"href":"https:\/\/www.bleichert.de\/en\/wp-json\/wp\/v2\/media?parent=8827"}],"curies":[{"name":"wp","href":"https:\/\/api.w.org\/{rel}","templated":true}]}}