{"id":8193,"date":"2023-09-26T09:14:46","date_gmt":"2023-09-26T07:14:46","guid":{"rendered":"https:\/\/www.bleichert.de\/ihk-presse\/"},"modified":"2024-07-02T15:18:19","modified_gmt":"2024-07-02T13:18:19","slug":"ihk-presse","status":"publish","type":"page","link":"https:\/\/www.bleichert.de\/en\/ihk-presse\/","title":{"rendered":"IHK Pressebesuch 2024"},"content":{"rendered":"<p><div class=\"fusion-fullwidth fullwidth-box fusion-builder-row-1 fusion-flex-container nonhundred-percent-fullwidth non-hundred-percent-height-scrolling\" style=\"--awb-border-radius-top-left:0px;--awb-border-radius-top-right:0px;--awb-border-radius-bottom-right:0px;--awb-border-radius-bottom-left:0px;--awb-padding-right:0px;--awb-padding-left:0px;--awb-flex-wrap:wrap;\" ><div class=\"fusion-builder-row fusion-row fusion-flex-align-items-flex-start fusion-flex-content-wrap\" style=\"max-width:1664px;margin-left: calc(-4% \/ 2 );margin-right: calc(-4% \/ 2 );\"><div class=\"fusion-layout-column fusion_builder_column fusion-builder-column-0 fusion_builder_column_1_1 1_1 fusion-flex-column\" style=\"--awb-bg-size:cover;--awb-width-large:100%;--awb-margin-top-large:0px;--awb-spacing-right-large:1.92%;--awb-margin-bottom-large:0px;--awb-spacing-left-large:1.92%;--awb-width-medium:100%;--awb-order-medium:0;--awb-spacing-right-medium:1.92%;--awb-spacing-left-medium:1.92%;--awb-width-small:100%;--awb-order-small:0;--awb-spacing-right-small:1.92%;--awb-spacing-left-small:1.92%;\"><div class=\"fusion-column-wrapper fusion-column-has-shadow fusion-flex-justify-content-flex-start fusion-content-layout-column\">\n<div class=\"fusion-slider-revolution rev_slider_wrapper\">\t\t\t<!-- START neutralheader REVOLUTION SLIDER 6.7.41 --><p class=\"rs-p-wp-fix\"><\/p>\n\t\t\t<rs-module-wrap id=\"rev_slider_135_1_wrapper\" data-source=\"gallery\" style=\"visibility:hidden;background:transparent;padding:0;margin:0px auto;margin-top:0;margin-bottom:0;\">\n\t\t\t\t<rs-module id=\"rev_slider_135_1\" style=\"\" data-version=\"6.7.41\">\n\t\t\t\t\t<rs-slides style=\"overflow: hidden; position: absolute;\">\n\t\t\t\t\t\t<rs-slide style=\"position: absolute;\" data-key=\"rs-279\" data-title=\"Slide\" data-anim=\"adpr:false;\" data-in=\"o:0;\" data-out=\"a:false;\">\n\t\t\t\t\t\t\t<img decoding=\"async\" src=\"\/\/www.bleichert.de\/wp-content\/plugins\/revslider\/sr6\/assets\/assets\/dummy.png\" alt=\"\" title=\"DBP2285_bearbeitet\" width=\"2500\" height=\"1000\" class=\"rev-slidebg tp-rs-img rs-lazyload\" data-lazyload=\"\/\/www.bleichert.de\/wp-content\/uploads\/2022\/06\/DBP2285_bearbeitet.jpg\" data-bg=\"f:contain;\" data-no-retina>\n<!---->\t\t\t\t\t<\/rs-slide>\n\t\t\t\t\t<\/rs-slides>\n\t\t\t\t<\/rs-module>\n\t\t\t\t<script>\n\t\t\t\t\tsetREVStartSize({c: 'rev_slider_135_1',rl:[1118,1118,1118,800],el:[1000],gw:[2500],gh:[1000],type:'hero',justify:'',layout:'fullwidth',mh:\"0\"});if (window.RS_MODULES!==undefined && window.RS_MODULES.modules!==undefined && window.RS_MODULES.modules[\"revslider1351\"]!==undefined) {window.RS_MODULES.modules[\"revslider1351\"].once = false;window.revapi135 = undefined;if (window.RS_MODULES.checkMinimal!==undefined) window.RS_MODULES.checkMinimal()}\n\t\t\t\t<\/script>\n\t\t\t<\/rs-module-wrap>\n\t\t\t<!-- END REVOLUTION SLIDER -->\n<\/div><\/div><\/div><\/div><\/div><div class=\"fusion-fullwidth fullwidth-box fusion-builder-row-2 fusion-flex-container nonhundred-percent-fullwidth non-hundred-percent-height-scrolling\" style=\"--awb-border-radius-top-left:0px;--awb-border-radius-top-right:0px;--awb-border-radius-bottom-right:0px;--awb-border-radius-bottom-left:0px;--awb-padding-top:59px;--awb-padding-top-medium:24px;--awb-padding-top-small:26px;--awb-flex-wrap:wrap;\" ><div class=\"fusion-builder-row fusion-row fusion-flex-align-items-flex-start fusion-flex-justify-content-center fusion-flex-content-wrap\" style=\"max-width:1664px;margin-left: calc(-4% \/ 2 );margin-right: calc(-4% \/ 2 );\"><div class=\"fusion-layout-column fusion_builder_column fusion-builder-column-1 fusion_builder_column_3_5 3_5 fusion-flex-column\" style=\"--awb-bg-size:cover;--awb-width-large:60%;--awb-margin-top-large:0px;--awb-spacing-right-large:3.2%;--awb-margin-bottom-large:0px;--awb-spacing-left-large:3.2%;--awb-width-medium:75%;--awb-order-medium:0;--awb-spacing-right-medium:2.56%;--awb-margin-bottom-medium:0px;--awb-spacing-left-medium:2.56%;--awb-width-small:100%;--awb-order-small:0;--awb-spacing-right-small:1.92%;--awb-margin-bottom-small:0px;--awb-spacing-left-small:1.92%;\"><div class=\"fusion-column-wrapper fusion-column-has-shadow fusion-flex-justify-content-flex-start fusion-content-layout-column\"><div class=\"fusion-text fusion-text-1\"><h1 style=\"text-align: center;\">NEWS<\/h1>\n<h3 style=\"text-align: center;\">What&#8217;s new at BLEICHERT<sup>\u00ae<\/sup>.<\/h3>\n<\/div><\/div><\/div><div class=\"fusion-layout-column fusion_builder_column fusion-builder-column-2 fusion_builder_column_3_5 3_5 fusion-flex-column\" style=\"--awb-bg-size:cover;--awb-width-large:60%;--awb-margin-top-large:0px;--awb-spacing-right-large:3.2%;--awb-margin-bottom-large:0px;--awb-spacing-left-large:3.2%;--awb-width-medium:75%;--awb-order-medium:0;--awb-spacing-right-medium:2.56%;--awb-margin-bottom-medium:0px;--awb-spacing-left-medium:2.56%;--awb-width-small:100%;--awb-order-small:0;--awb-spacing-right-small:1.92%;--awb-margin-bottom-small:0px;--awb-spacing-left-small:1.92%;\"><div class=\"fusion-column-wrapper fusion-column-has-shadow fusion-flex-justify-content-flex-start fusion-content-layout-column\"><div class=\"fusion-image-element \" style=\"text-align:center;--awb-caption-title-font-family:var(--h2_typography-font-family);--awb-caption-title-font-weight:var(--h2_typography-font-weight);--awb-caption-title-font-style:var(--h2_typography-font-style);--awb-caption-title-size:var(--h2_typography-font-size);--awb-caption-title-transform:var(--h2_typography-text-transform);--awb-caption-title-line-height:var(--h2_typography-line-height);--awb-caption-title-letter-spacing:var(--h2_typography-letter-spacing);\"><span class=\" fusion-imageframe imageframe-none imageframe-1 hover-type-none\"><img decoding=\"async\" width=\"832\" height=\"553\" title=\"Screenshot 2024-06-26 121207\" src=\"https:\/\/www.bleichert.de\/wp-content\/uploads\/2024\/07\/Screenshot-2024-06-26-121207.png\" alt class=\"img-responsive wp-image-8129\" srcset=\"https:\/\/www.bleichert.de\/wp-content\/uploads\/2024\/07\/Screenshot-2024-06-26-121207-200x133.png 200w, https:\/\/www.bleichert.de\/wp-content\/uploads\/2024\/07\/Screenshot-2024-06-26-121207-400x266.png 400w, https:\/\/www.bleichert.de\/wp-content\/uploads\/2024\/07\/Screenshot-2024-06-26-121207-600x399.png 600w, https:\/\/www.bleichert.de\/wp-content\/uploads\/2024\/07\/Screenshot-2024-06-26-121207-800x532.png 800w, https:\/\/www.bleichert.de\/wp-content\/uploads\/2024\/07\/Screenshot-2024-06-26-121207.png 832w\" sizes=\"(max-width: 800px) 100vw, 832px\" \/><\/span><\/div><div class=\"fusion-text fusion-text-2\" style=\"--awb-font-size:28px;\"><h3><\/h3>\n<h3><\/h3>\n<h3 style=\"text-align: center;\">IHK press trip to visit Osterburken<\/h3>\n<\/div><\/div><\/div><div class=\"fusion-layout-column fusion_builder_column fusion-builder-column-3 fusion_builder_column_3_5 3_5 fusion-flex-column\" style=\"--awb-bg-size:cover;--awb-width-large:60%;--awb-margin-top-large:0px;--awb-spacing-right-large:3.2%;--awb-margin-bottom-large:91px;--awb-spacing-left-large:3.2%;--awb-width-medium:75%;--awb-order-medium:0;--awb-spacing-right-medium:2.56%;--awb-margin-bottom-medium:54px;--awb-spacing-left-medium:2.56%;--awb-width-small:100%;--awb-order-small:0;--awb-spacing-right-small:1.92%;--awb-margin-bottom-small:49px;--awb-spacing-left-small:1.92%;\"><div class=\"fusion-column-wrapper fusion-column-has-shadow fusion-flex-justify-content-flex-start fusion-content-layout-column\"><div class=\"fusion-text fusion-text-3\"><p>The press delegation from the Rhine-Neckar Chamber of Industry and Commerce visited us in Osterburken in bright sunshine at the beginning of June.<br \/>\nA brief company presentation was followed by an extensive tour of our production halls.<br \/>\nIn line with this year&#8217;s motto &#8220;Economy in motion&#8221;, visitors were able to experience our new laser system, automated end customer products and our new development PALETTINO\u00ae L in action.<br \/>\nThe detailed report on Rhein-Neckar-Fernsehen about the entire IHK press trip can be viewed under this link.<br \/>\nWe would like to thank you for the successful exchange and the good discussions.<\/p>\n<\/div><\/div><\/div><\/div><\/div><\/p>\n","protected":false},"excerpt":{"rendered":"","protected":false},"author":21,"featured_media":0,"parent":0,"menu_order":1,"comment_status":"closed","ping_status":"closed","template":"100-width.php","meta":{"footnotes":""},"class_list":["post-8193","page","type-page","status-publish","hentry"],"yoast_head":"<!-- This site is optimized with the Yoast SEO plugin v27.4 - https:\/\/yoast.com\/product\/yoast-seo-wordpress\/ -->\n<title>IHK Pressebesuch 2024 - BLEICHERT Automation GmbH &amp; Co. KG - F\u00f6rdertechnik<\/title>\n<meta name=\"robots\" content=\"index, follow, max-snippet:-1, max-image-preview:large, max-video-preview:-1\" \/>\n<link rel=\"canonical\" href=\"https:\/\/www.bleichert.de\/en\/ihk-presse\/\" \/>\n<meta property=\"og:locale\" content=\"en_US\" \/>\n<meta property=\"og:type\" content=\"article\" \/>\n<meta property=\"og:title\" content=\"IHK Pressebesuch 2024 - BLEICHERT Automation GmbH &amp; Co. KG - F\u00f6rdertechnik\" \/>\n<meta property=\"og:url\" content=\"https:\/\/www.bleichert.de\/en\/ihk-presse\/\" \/>\n<meta property=\"og:site_name\" content=\"BLEICHERT Automation GmbH &amp; Co. KG - F\u00f6rdertechnik\" \/>\n<meta property=\"article:modified_time\" content=\"2024-07-02T13:18:19+00:00\" \/>\n<meta name=\"twitter:card\" content=\"summary_large_image\" \/>\n<meta name=\"twitter:label1\" content=\"Est. reading time\" \/>\n\t<meta name=\"twitter:data1\" content=\"1 minute\" \/>\n<script type=\"application\/ld+json\" class=\"yoast-schema-graph\">{\"@context\":\"https:\\\/\\\/schema.org\",\"@graph\":[{\"@type\":\"WebPage\",\"@id\":\"https:\\\/\\\/www.bleichert.de\\\/en\\\/ihk-presse\\\/\",\"url\":\"https:\\\/\\\/www.bleichert.de\\\/en\\\/ihk-presse\\\/\",\"name\":\"IHK Pressebesuch 2024 - BLEICHERT Automation GmbH &amp; Co. KG - F\u00f6rdertechnik\",\"isPartOf\":{\"@id\":\"https:\\\/\\\/www.bleichert.de\\\/en\\\/#website\"},\"datePublished\":\"2023-09-26T07:14:46+00:00\",\"dateModified\":\"2024-07-02T13:18:19+00:00\",\"breadcrumb\":{\"@id\":\"https:\\\/\\\/www.bleichert.de\\\/en\\\/ihk-presse\\\/#breadcrumb\"},\"inLanguage\":\"en-US\",\"potentialAction\":[{\"@type\":\"ReadAction\",\"target\":[\"https:\\\/\\\/www.bleichert.de\\\/en\\\/ihk-presse\\\/\"]}]},{\"@type\":\"BreadcrumbList\",\"@id\":\"https:\\\/\\\/www.bleichert.de\\\/en\\\/ihk-presse\\\/#breadcrumb\",\"itemListElement\":[{\"@type\":\"ListItem\",\"position\":1,\"name\":\"Startseite\",\"item\":\"https:\\\/\\\/www.bleichert.de\\\/en\\\/\"},{\"@type\":\"ListItem\",\"position\":2,\"name\":\"IHK Pressebesuch 2024\"}]},{\"@type\":\"WebSite\",\"@id\":\"https:\\\/\\\/www.bleichert.de\\\/en\\\/#website\",\"url\":\"https:\\\/\\\/www.bleichert.de\\\/en\\\/\",\"name\":\"BLEICHERT Automation GmbH &amp; Co. KG - F\u00f6rdertechnik\",\"description\":\"Individuellen Anlagen f\u00fcr die Automatisierung, der F\u00f6rdertechnik, sowie der Transport- und Verkettungstechnik\",\"publisher\":{\"@id\":\"https:\\\/\\\/www.bleichert.de\\\/en\\\/#organization\"},\"potentialAction\":[{\"@type\":\"SearchAction\",\"target\":{\"@type\":\"EntryPoint\",\"urlTemplate\":\"https:\\\/\\\/www.bleichert.de\\\/en\\\/?s={search_term_string}\"},\"query-input\":{\"@type\":\"PropertyValueSpecification\",\"valueRequired\":true,\"valueName\":\"search_term_string\"}}],\"inLanguage\":\"en-US\"},{\"@type\":\"Organization\",\"@id\":\"https:\\\/\\\/www.bleichert.de\\\/en\\\/#organization\",\"name\":\"BLEICHERT Automation GmbH & Co. KG\",\"url\":\"https:\\\/\\\/www.bleichert.de\\\/en\\\/\",\"logo\":{\"@type\":\"ImageObject\",\"inLanguage\":\"en-US\",\"@id\":\"https:\\\/\\\/www.bleichert.de\\\/en\\\/#\\\/schema\\\/logo\\\/image\\\/\",\"url\":\"https:\\\/\\\/www.bleichert.de\\\/wp-content\\\/uploads\\\/2022\\\/05\\\/logo_bleichert_hometop.jpg\",\"contentUrl\":\"https:\\\/\\\/www.bleichert.de\\\/wp-content\\\/uploads\\\/2022\\\/05\\\/logo_bleichert_hometop.jpg\",\"width\":315,\"height\":75,\"caption\":\"BLEICHERT Automation GmbH & Co. KG\"},\"image\":{\"@id\":\"https:\\\/\\\/www.bleichert.de\\\/en\\\/#\\\/schema\\\/logo\\\/image\\\/\"}}]}<\/script>\n<!-- \/ Yoast SEO plugin. -->","yoast_head_json":{"title":"IHK Pressebesuch 2024 - BLEICHERT Automation GmbH &amp; Co. KG - F\u00f6rdertechnik","robots":{"index":"index","follow":"follow","max-snippet":"max-snippet:-1","max-image-preview":"max-image-preview:large","max-video-preview":"max-video-preview:-1"},"canonical":"https:\/\/www.bleichert.de\/en\/ihk-presse\/","og_locale":"en_US","og_type":"article","og_title":"IHK Pressebesuch 2024 - BLEICHERT Automation GmbH &amp; Co. KG - F\u00f6rdertechnik","og_url":"https:\/\/www.bleichert.de\/en\/ihk-presse\/","og_site_name":"BLEICHERT Automation GmbH &amp; Co. KG - F\u00f6rdertechnik","article_modified_time":"2024-07-02T13:18:19+00:00","twitter_card":"summary_large_image","twitter_misc":{"Est. reading time":"1 minute"},"schema":{"@context":"https:\/\/schema.org","@graph":[{"@type":"WebPage","@id":"https:\/\/www.bleichert.de\/en\/ihk-presse\/","url":"https:\/\/www.bleichert.de\/en\/ihk-presse\/","name":"IHK Pressebesuch 2024 - BLEICHERT Automation GmbH &amp; Co. KG - F\u00f6rdertechnik","isPartOf":{"@id":"https:\/\/www.bleichert.de\/en\/#website"},"datePublished":"2023-09-26T07:14:46+00:00","dateModified":"2024-07-02T13:18:19+00:00","breadcrumb":{"@id":"https:\/\/www.bleichert.de\/en\/ihk-presse\/#breadcrumb"},"inLanguage":"en-US","potentialAction":[{"@type":"ReadAction","target":["https:\/\/www.bleichert.de\/en\/ihk-presse\/"]}]},{"@type":"BreadcrumbList","@id":"https:\/\/www.bleichert.de\/en\/ihk-presse\/#breadcrumb","itemListElement":[{"@type":"ListItem","position":1,"name":"Startseite","item":"https:\/\/www.bleichert.de\/en\/"},{"@type":"ListItem","position":2,"name":"IHK Pressebesuch 2024"}]},{"@type":"WebSite","@id":"https:\/\/www.bleichert.de\/en\/#website","url":"https:\/\/www.bleichert.de\/en\/","name":"BLEICHERT Automation GmbH &amp; Co. KG - F\u00f6rdertechnik","description":"Individuellen Anlagen f\u00fcr die Automatisierung, der F\u00f6rdertechnik, sowie der Transport- und Verkettungstechnik","publisher":{"@id":"https:\/\/www.bleichert.de\/en\/#organization"},"potentialAction":[{"@type":"SearchAction","target":{"@type":"EntryPoint","urlTemplate":"https:\/\/www.bleichert.de\/en\/?s={search_term_string}"},"query-input":{"@type":"PropertyValueSpecification","valueRequired":true,"valueName":"search_term_string"}}],"inLanguage":"en-US"},{"@type":"Organization","@id":"https:\/\/www.bleichert.de\/en\/#organization","name":"BLEICHERT Automation GmbH & Co. KG","url":"https:\/\/www.bleichert.de\/en\/","logo":{"@type":"ImageObject","inLanguage":"en-US","@id":"https:\/\/www.bleichert.de\/en\/#\/schema\/logo\/image\/","url":"https:\/\/www.bleichert.de\/wp-content\/uploads\/2022\/05\/logo_bleichert_hometop.jpg","contentUrl":"https:\/\/www.bleichert.de\/wp-content\/uploads\/2022\/05\/logo_bleichert_hometop.jpg","width":315,"height":75,"caption":"BLEICHERT Automation GmbH & Co. KG"},"image":{"@id":"https:\/\/www.bleichert.de\/en\/#\/schema\/logo\/image\/"}}]}},"_links":{"self":[{"href":"https:\/\/www.bleichert.de\/en\/wp-json\/wp\/v2\/pages\/8193","targetHints":{"allow":["GET"]}}],"collection":[{"href":"https:\/\/www.bleichert.de\/en\/wp-json\/wp\/v2\/pages"}],"about":[{"href":"https:\/\/www.bleichert.de\/en\/wp-json\/wp\/v2\/types\/page"}],"author":[{"embeddable":true,"href":"https:\/\/www.bleichert.de\/en\/wp-json\/wp\/v2\/users\/21"}],"replies":[{"embeddable":true,"href":"https:\/\/www.bleichert.de\/en\/wp-json\/wp\/v2\/comments?post=8193"}],"version-history":[{"count":4,"href":"https:\/\/www.bleichert.de\/en\/wp-json\/wp\/v2\/pages\/8193\/revisions"}],"predecessor-version":[{"id":8197,"href":"https:\/\/www.bleichert.de\/en\/wp-json\/wp\/v2\/pages\/8193\/revisions\/8197"}],"wp:attachment":[{"href":"https:\/\/www.bleichert.de\/en\/wp-json\/wp\/v2\/media?parent=8193"}],"curies":[{"name":"wp","href":"https:\/\/api.w.org\/{rel}","templated":true}]}}