{"id":8189,"date":"2022-07-04T11:01:56","date_gmt":"2022-07-04T09:01:56","guid":{"rendered":"https:\/\/www.bleichert.de\/ihr-anlagenberater\/"},"modified":"2024-07-02T15:12:31","modified_gmt":"2024-07-02T13:12:31","slug":"ihr-anlagenberater","status":"publish","type":"page","link":"https:\/\/www.bleichert.de\/en\/ihr-anlagenberater\/","title":{"rendered":"IHR ANLAGENBERATER"},"content":{"rendered":"<p><div class=\"fusion-fullwidth fullwidth-box fusion-builder-row-1 fusion-flex-container nonhundred-percent-fullwidth non-hundred-percent-height-scrolling\" style=\"--awb-border-radius-top-left:0px;--awb-border-radius-top-right:0px;--awb-border-radius-bottom-right:0px;--awb-border-radius-bottom-left:0px;--awb-padding-right:0px;--awb-padding-left:0px;--awb-flex-wrap:wrap;\" ><div class=\"fusion-builder-row fusion-row fusion-flex-align-items-flex-start fusion-flex-content-wrap\" style=\"max-width:1664px;margin-left: calc(-4% \/ 2 );margin-right: calc(-4% \/ 2 );\"><div class=\"fusion-layout-column fusion_builder_column fusion-builder-column-0 fusion_builder_column_1_1 1_1 fusion-flex-column\" style=\"--awb-bg-size:cover;--awb-width-large:100%;--awb-margin-top-large:0px;--awb-spacing-right-large:1.92%;--awb-margin-bottom-large:0px;--awb-spacing-left-large:1.92%;--awb-width-medium:100%;--awb-order-medium:0;--awb-spacing-right-medium:1.92%;--awb-spacing-left-medium:1.92%;--awb-width-small:100%;--awb-order-small:0;--awb-spacing-right-small:1.92%;--awb-spacing-left-small:1.92%;\"><div class=\"fusion-column-wrapper fusion-column-has-shadow fusion-flex-justify-content-flex-start fusion-content-layout-column\">\n<div class=\"fusion-slider-revolution rev_slider_wrapper\">\t\t\t<!-- START neutralheader REVOLUTION SLIDER 6.7.41 --><p class=\"rs-p-wp-fix\"><\/p>\n\t\t\t<rs-module-wrap id=\"rev_slider_135_1_wrapper\" data-source=\"gallery\" style=\"visibility:hidden;background:transparent;padding:0;margin:0px auto;margin-top:0;margin-bottom:0;\">\n\t\t\t\t<rs-module id=\"rev_slider_135_1\" style=\"\" data-version=\"6.7.41\">\n\t\t\t\t\t<rs-slides style=\"overflow: hidden; position: absolute;\">\n\t\t\t\t\t\t<rs-slide style=\"position: absolute;\" data-key=\"rs-279\" data-title=\"Slide\" data-anim=\"adpr:false;\" data-in=\"o:0;\" data-out=\"a:false;\">\n\t\t\t\t\t\t\t<img decoding=\"async\" src=\"\/\/www.bleichert.de\/wp-content\/plugins\/revslider\/sr6\/assets\/assets\/dummy.png\" alt=\"\" title=\"DBP2285_bearbeitet\" width=\"2500\" height=\"1000\" class=\"rev-slidebg tp-rs-img rs-lazyload\" data-lazyload=\"\/\/www.bleichert.de\/wp-content\/uploads\/2022\/06\/DBP2285_bearbeitet.jpg\" data-bg=\"f:contain;\" data-no-retina>\n<!---->\t\t\t\t\t<\/rs-slide>\n\t\t\t\t\t<\/rs-slides>\n\t\t\t\t<\/rs-module>\n\t\t\t\t<script>\n\t\t\t\t\tsetREVStartSize({c: 'rev_slider_135_1',rl:[1118,1118,1118,800],el:[1000],gw:[2500],gh:[1000],type:'hero',justify:'',layout:'fullwidth',mh:\"0\"});if (window.RS_MODULES!==undefined && window.RS_MODULES.modules!==undefined && window.RS_MODULES.modules[\"revslider1351\"]!==undefined) {window.RS_MODULES.modules[\"revslider1351\"].once = false;window.revapi135 = undefined;if (window.RS_MODULES.checkMinimal!==undefined) window.RS_MODULES.checkMinimal()}\n\t\t\t\t<\/script>\n\t\t\t<\/rs-module-wrap>\n\t\t\t<!-- END REVOLUTION SLIDER -->\n<\/div><\/div><\/div><\/div><\/div><div class=\"fusion-fullwidth fullwidth-box fusion-builder-row-2 fusion-flex-container nonhundred-percent-fullwidth non-hundred-percent-height-scrolling\" style=\"--awb-border-radius-top-left:0px;--awb-border-radius-top-right:0px;--awb-border-radius-bottom-right:0px;--awb-border-radius-bottom-left:0px;--awb-padding-top:59px;--awb-padding-top-medium:24px;--awb-padding-top-small:26px;--awb-flex-wrap:wrap;\" ><div class=\"fusion-builder-row fusion-row fusion-flex-align-items-flex-start fusion-flex-justify-content-center fusion-flex-content-wrap\" style=\"max-width:1664px;margin-left: calc(-4% \/ 2 );margin-right: calc(-4% \/ 2 );\"><div class=\"fusion-layout-column fusion_builder_column fusion-builder-column-1 fusion_builder_column_3_5 3_5 fusion-flex-column\" style=\"--awb-bg-size:cover;--awb-width-large:60%;--awb-margin-top-large:0px;--awb-spacing-right-large:3.2%;--awb-margin-bottom-large:0px;--awb-spacing-left-large:3.2%;--awb-width-medium:75%;--awb-order-medium:0;--awb-spacing-right-medium:2.56%;--awb-margin-bottom-medium:0px;--awb-spacing-left-medium:2.56%;--awb-width-small:100%;--awb-order-small:0;--awb-spacing-right-small:1.92%;--awb-margin-bottom-small:0px;--awb-spacing-left-small:1.92%;\"><div class=\"fusion-column-wrapper fusion-column-has-shadow fusion-flex-justify-content-flex-start fusion-content-layout-column\"><div class=\"fusion-text fusion-text-1\"><h1 style=\"text-align: center;\">NEWS<\/h1>\n<h3 style=\"text-align: center;\">Here&#8217;s what&#8217;s new at BLEICHERT<sup>\u00ae<\/sup>.<\/h3>\n<\/div><\/div><\/div><div class=\"fusion-layout-column fusion_builder_column fusion-builder-column-2 fusion_builder_column_3_5 3_5 fusion-flex-column\" style=\"--awb-bg-size:cover;--awb-width-large:60%;--awb-margin-top-large:0px;--awb-spacing-right-large:3.2%;--awb-margin-bottom-large:0px;--awb-spacing-left-large:3.2%;--awb-width-medium:75%;--awb-order-medium:0;--awb-spacing-right-medium:2.56%;--awb-margin-bottom-medium:0px;--awb-spacing-left-medium:2.56%;--awb-width-small:100%;--awb-order-small:0;--awb-spacing-right-small:1.92%;--awb-margin-bottom-small:0px;--awb-spacing-left-small:1.92%;\"><div class=\"fusion-column-wrapper fusion-column-has-shadow fusion-flex-justify-content-flex-start fusion-content-layout-column\"><div class=\"fusion-text fusion-text-2\" style=\"--awb-font-size:28px;\"><h4 style=\"text-align: left;\"><strong>Your machine plant consultant tool<\/strong><\/h4>\n<\/div><\/div><\/div><div class=\"fusion-layout-column fusion_builder_column fusion-builder-column-3 fusion_builder_column_3_5 3_5 fusion-flex-column\" style=\"--awb-bg-size:cover;--awb-width-large:60%;--awb-margin-top-large:0px;--awb-spacing-right-large:3.2%;--awb-margin-bottom-large:0px;--awb-spacing-left-large:3.2%;--awb-width-medium:75%;--awb-order-medium:0;--awb-spacing-right-medium:2.56%;--awb-margin-bottom-medium:54px;--awb-spacing-left-medium:2.56%;--awb-width-small:100%;--awb-order-small:0;--awb-spacing-right-small:1.92%;--awb-margin-bottom-small:49px;--awb-spacing-left-small:1.92%;\"><div class=\"fusion-column-wrapper fusion-column-has-shadow fusion-flex-justify-content-flex-start fusion-content-layout-column\"><div class=\"fusion-image-carousel fusion-image-carousel-auto fusion-image-carousel-1 lightbox-enabled\"><div class=\"awb-carousel awb-swiper awb-swiper-carousel awb-swiper-dots-position-bottom awb-carousel--carousel\" data-layout=\"carousel\" data-autoplay=\"yes\" data-autoplayspeed=\"2500\" data-autoplaypause=\"no\" data-columns=\"1\" data-itemmargin=\"0\" data-itemwidth=\"180\" data-touchscroll=\"no\" data-freemode=\"no\" data-imagesize=\"auto\" data-scrollitems=\"0\" data-centeredslides=\"no\" data-rotationangle=\"50\" data-depth=\"100\" data-speed=\"500\" data-shadow=\"no\" style=\"--awb-columns:1;--awb-column-spacing:0px;\"><div class=\"swiper-wrapper awb-image-carousel-wrapper fusion-flex-align-items-center\"><div class=\"swiper-slide\"><div class=\"fusion-carousel-item-wrapper\"><div class=\"fusion-image-wrapper hover-type-none\"><a data-rel=\"iLightbox[image_carousel_1]\" data-title=\"ihr_anlageberater_slide_1\" aria-label=\"ihr_anlageberater_slide_1\" href=\"https:\/\/www.bleichert.de\/wp-content\/uploads\/2022\/07\/ihr_anlageberater_slide_1.jpg\" target=\"_self\"><img decoding=\"async\" width=\"1600\" height=\"898\" src=\"https:\/\/www.bleichert.de\/wp-content\/uploads\/2022\/07\/ihr_anlageberater_slide_1.jpg\" class=\"attachment-full size-full\" alt=\"\" srcset=\"https:\/\/www.bleichert.de\/wp-content\/uploads\/2022\/07\/ihr_anlageberater_slide_1-200x112.jpg 200w, https:\/\/www.bleichert.de\/wp-content\/uploads\/2022\/07\/ihr_anlageberater_slide_1-300x168.jpg 300w, https:\/\/www.bleichert.de\/wp-content\/uploads\/2022\/07\/ihr_anlageberater_slide_1-400x225.jpg 400w, https:\/\/www.bleichert.de\/wp-content\/uploads\/2022\/07\/ihr_anlageberater_slide_1-600x337.jpg 600w, https:\/\/www.bleichert.de\/wp-content\/uploads\/2022\/07\/ihr_anlageberater_slide_1-768x431.jpg 768w, https:\/\/www.bleichert.de\/wp-content\/uploads\/2022\/07\/ihr_anlageberater_slide_1-800x449.jpg 800w, https:\/\/www.bleichert.de\/wp-content\/uploads\/2022\/07\/ihr_anlageberater_slide_1-1024x575.jpg 1024w, https:\/\/www.bleichert.de\/wp-content\/uploads\/2022\/07\/ihr_anlageberater_slide_1-1200x674.jpg 1200w, https:\/\/www.bleichert.de\/wp-content\/uploads\/2022\/07\/ihr_anlageberater_slide_1-1536x862.jpg 1536w, https:\/\/www.bleichert.de\/wp-content\/uploads\/2022\/07\/ihr_anlageberater_slide_1.jpg 1600w\" sizes=\"(max-width: 1600px) 100vw, 1600px\" \/><\/a><\/div><\/div><\/div><div class=\"swiper-slide\"><div class=\"fusion-carousel-item-wrapper\"><div class=\"fusion-image-wrapper hover-type-none\"><a data-rel=\"iLightbox[image_carousel_1]\" data-title=\"ihr_anlageberater_slide_5\" aria-label=\"ihr_anlageberater_slide_5\" href=\"https:\/\/www.bleichert.de\/wp-content\/uploads\/2022\/07\/ihr_anlageberater_slide_5.jpg\" target=\"_self\"><img decoding=\"async\" width=\"1600\" height=\"898\" src=\"https:\/\/www.bleichert.de\/wp-content\/uploads\/2022\/07\/ihr_anlageberater_slide_5.jpg\" class=\"attachment-full size-full\" alt=\"\" srcset=\"https:\/\/www.bleichert.de\/wp-content\/uploads\/2022\/07\/ihr_anlageberater_slide_5-200x112.jpg 200w, https:\/\/www.bleichert.de\/wp-content\/uploads\/2022\/07\/ihr_anlageberater_slide_5-300x168.jpg 300w, https:\/\/www.bleichert.de\/wp-content\/uploads\/2022\/07\/ihr_anlageberater_slide_5-400x225.jpg 400w, https:\/\/www.bleichert.de\/wp-content\/uploads\/2022\/07\/ihr_anlageberater_slide_5-600x337.jpg 600w, https:\/\/www.bleichert.de\/wp-content\/uploads\/2022\/07\/ihr_anlageberater_slide_5-768x431.jpg 768w, https:\/\/www.bleichert.de\/wp-content\/uploads\/2022\/07\/ihr_anlageberater_slide_5-800x449.jpg 800w, https:\/\/www.bleichert.de\/wp-content\/uploads\/2022\/07\/ihr_anlageberater_slide_5-1024x575.jpg 1024w, https:\/\/www.bleichert.de\/wp-content\/uploads\/2022\/07\/ihr_anlageberater_slide_5-1200x674.jpg 1200w, https:\/\/www.bleichert.de\/wp-content\/uploads\/2022\/07\/ihr_anlageberater_slide_5-1536x862.jpg 1536w, https:\/\/www.bleichert.de\/wp-content\/uploads\/2022\/07\/ihr_anlageberater_slide_5.jpg 1600w\" sizes=\"(max-width: 1600px) 100vw, 1600px\" \/><\/a><\/div><\/div><\/div><div class=\"swiper-slide\"><div class=\"fusion-carousel-item-wrapper\"><div class=\"fusion-image-wrapper hover-type-none\"><a data-rel=\"iLightbox[image_carousel_1]\" data-title=\"ihr_anlageberater_slide_4\" aria-label=\"ihr_anlageberater_slide_4\" href=\"https:\/\/www.bleichert.de\/wp-content\/uploads\/2022\/07\/ihr_anlageberater_slide_4.jpg\" target=\"_self\"><img decoding=\"async\" width=\"1600\" height=\"898\" src=\"https:\/\/www.bleichert.de\/wp-content\/uploads\/2022\/07\/ihr_anlageberater_slide_4.jpg\" class=\"attachment-full size-full\" alt=\"\" srcset=\"https:\/\/www.bleichert.de\/wp-content\/uploads\/2022\/07\/ihr_anlageberater_slide_4-200x112.jpg 200w, https:\/\/www.bleichert.de\/wp-content\/uploads\/2022\/07\/ihr_anlageberater_slide_4-300x168.jpg 300w, https:\/\/www.bleichert.de\/wp-content\/uploads\/2022\/07\/ihr_anlageberater_slide_4-400x225.jpg 400w, https:\/\/www.bleichert.de\/wp-content\/uploads\/2022\/07\/ihr_anlageberater_slide_4-600x337.jpg 600w, https:\/\/www.bleichert.de\/wp-content\/uploads\/2022\/07\/ihr_anlageberater_slide_4-768x431.jpg 768w, https:\/\/www.bleichert.de\/wp-content\/uploads\/2022\/07\/ihr_anlageberater_slide_4-800x449.jpg 800w, https:\/\/www.bleichert.de\/wp-content\/uploads\/2022\/07\/ihr_anlageberater_slide_4-1024x575.jpg 1024w, https:\/\/www.bleichert.de\/wp-content\/uploads\/2022\/07\/ihr_anlageberater_slide_4-1200x674.jpg 1200w, https:\/\/www.bleichert.de\/wp-content\/uploads\/2022\/07\/ihr_anlageberater_slide_4-1536x862.jpg 1536w, https:\/\/www.bleichert.de\/wp-content\/uploads\/2022\/07\/ihr_anlageberater_slide_4.jpg 1600w\" sizes=\"(max-width: 1600px) 100vw, 1600px\" \/><\/a><\/div><\/div><\/div><div class=\"swiper-slide\"><div class=\"fusion-carousel-item-wrapper\"><div class=\"fusion-image-wrapper hover-type-none\"><a data-rel=\"iLightbox[image_carousel_1]\" data-title=\"ihr_anlageberater_slide_3\" aria-label=\"ihr_anlageberater_slide_3\" href=\"https:\/\/www.bleichert.de\/wp-content\/uploads\/2022\/07\/ihr_anlageberater_slide_3.jpg\" target=\"_self\"><img decoding=\"async\" width=\"1600\" height=\"898\" src=\"https:\/\/www.bleichert.de\/wp-content\/uploads\/2022\/07\/ihr_anlageberater_slide_3.jpg\" class=\"attachment-full size-full\" alt=\"\" srcset=\"https:\/\/www.bleichert.de\/wp-content\/uploads\/2022\/07\/ihr_anlageberater_slide_3-200x112.jpg 200w, https:\/\/www.bleichert.de\/wp-content\/uploads\/2022\/07\/ihr_anlageberater_slide_3-300x168.jpg 300w, https:\/\/www.bleichert.de\/wp-content\/uploads\/2022\/07\/ihr_anlageberater_slide_3-400x225.jpg 400w, https:\/\/www.bleichert.de\/wp-content\/uploads\/2022\/07\/ihr_anlageberater_slide_3-600x337.jpg 600w, https:\/\/www.bleichert.de\/wp-content\/uploads\/2022\/07\/ihr_anlageberater_slide_3-768x431.jpg 768w, https:\/\/www.bleichert.de\/wp-content\/uploads\/2022\/07\/ihr_anlageberater_slide_3-800x449.jpg 800w, https:\/\/www.bleichert.de\/wp-content\/uploads\/2022\/07\/ihr_anlageberater_slide_3-1024x575.jpg 1024w, https:\/\/www.bleichert.de\/wp-content\/uploads\/2022\/07\/ihr_anlageberater_slide_3-1200x674.jpg 1200w, https:\/\/www.bleichert.de\/wp-content\/uploads\/2022\/07\/ihr_anlageberater_slide_3-1536x862.jpg 1536w, https:\/\/www.bleichert.de\/wp-content\/uploads\/2022\/07\/ihr_anlageberater_slide_3.jpg 1600w\" sizes=\"(max-width: 1600px) 100vw, 1600px\" \/><\/a><\/div><\/div><\/div><div class=\"swiper-slide\"><div class=\"fusion-carousel-item-wrapper\"><div class=\"fusion-image-wrapper hover-type-none\"><a data-rel=\"iLightbox[image_carousel_1]\" data-title=\"ihr_anlageberater_slide_2\" aria-label=\"ihr_anlageberater_slide_2\" href=\"https:\/\/www.bleichert.de\/wp-content\/uploads\/2022\/07\/ihr_anlageberater_slide_2.jpg\" target=\"_self\"><img decoding=\"async\" width=\"1600\" height=\"898\" src=\"https:\/\/www.bleichert.de\/wp-content\/uploads\/2022\/07\/ihr_anlageberater_slide_2.jpg\" class=\"attachment-full size-full\" alt=\"\" srcset=\"https:\/\/www.bleichert.de\/wp-content\/uploads\/2022\/07\/ihr_anlageberater_slide_2-200x112.jpg 200w, https:\/\/www.bleichert.de\/wp-content\/uploads\/2022\/07\/ihr_anlageberater_slide_2-300x168.jpg 300w, https:\/\/www.bleichert.de\/wp-content\/uploads\/2022\/07\/ihr_anlageberater_slide_2-400x225.jpg 400w, https:\/\/www.bleichert.de\/wp-content\/uploads\/2022\/07\/ihr_anlageberater_slide_2-600x337.jpg 600w, https:\/\/www.bleichert.de\/wp-content\/uploads\/2022\/07\/ihr_anlageberater_slide_2-768x431.jpg 768w, https:\/\/www.bleichert.de\/wp-content\/uploads\/2022\/07\/ihr_anlageberater_slide_2-800x449.jpg 800w, https:\/\/www.bleichert.de\/wp-content\/uploads\/2022\/07\/ihr_anlageberater_slide_2-1024x575.jpg 1024w, https:\/\/www.bleichert.de\/wp-content\/uploads\/2022\/07\/ihr_anlageberater_slide_2-1200x674.jpg 1200w, https:\/\/www.bleichert.de\/wp-content\/uploads\/2022\/07\/ihr_anlageberater_slide_2-1536x862.jpg 1536w, https:\/\/www.bleichert.de\/wp-content\/uploads\/2022\/07\/ihr_anlageberater_slide_2.jpg 1600w\" sizes=\"(max-width: 1600px) 100vw, 1600px\" \/><\/a><\/div><\/div><\/div><\/div><div class=\"awb-swiper-button awb-swiper-button-prev\"><i class=\"awb-icon-angle-left\" aria-hidden=\"true\"><\/i><\/div><div class=\"awb-swiper-button awb-swiper-button-next\"><i class=\"awb-icon-angle-right\" aria-hidden=\"true\"><\/i><\/div><\/div><\/div><\/div><\/div><div class=\"fusion-layout-column fusion_builder_column fusion-builder-column-4 fusion_builder_column_3_5 3_5 fusion-flex-column\" style=\"--awb-bg-size:cover;--awb-width-large:60%;--awb-margin-top-large:0px;--awb-spacing-right-large:3.2%;--awb-margin-bottom-large:38px;--awb-spacing-left-large:3.2%;--awb-width-medium:75%;--awb-order-medium:0;--awb-spacing-right-medium:2.56%;--awb-margin-bottom-medium:54px;--awb-spacing-left-medium:2.56%;--awb-width-small:100%;--awb-order-small:0;--awb-spacing-right-small:1.92%;--awb-margin-bottom-small:49px;--awb-spacing-left-small:1.92%;\"><div class=\"fusion-column-wrapper fusion-column-has-shadow fusion-flex-justify-content-flex-start fusion-content-layout-column\"><div class=\"fusion-text fusion-text-3\"><p>The complete simulation and optimization of systems and conveyor lines is essential for digitalization in the project planning phase of automation projects. With our simulation tool, the capacity utilization of individual system parts or process modules can be reliably evaluated. We can identify cycle times, required buffer or accumulation distances and the potential for optimizing the space requirements of a system at the earliest possible stage and discuss them with our customers.<br \/>\nWe see the ability to simulate virtual commissioning, robot simulations, a wide range of material flow variants (percentage unit load distribution, NOK rates) and much more in our simulation environment as particularly valuable.<br \/>\nThis is a clear benefit for our customers: optimization possibilities become visible quickly and can be taken into account in the quotation phase or in a very early project phase.<br \/>\nA nice side effect is the photorealistic video of the simulation.<\/p>\n<\/div><\/div><\/div><\/div><\/div><\/p>\n","protected":false},"excerpt":{"rendered":"","protected":false},"author":19,"featured_media":0,"parent":0,"menu_order":0,"comment_status":"closed","ping_status":"closed","template":"100-width.php","meta":{"footnotes":""},"class_list":["post-8189","page","type-page","status-publish","hentry"],"yoast_head":"<!-- This site is optimized with the Yoast SEO plugin v27.4 - https:\/\/yoast.com\/product\/yoast-seo-wordpress\/ -->\n<title>IHR ANLAGENBERATER - BLEICHERT Automation GmbH &amp; Co. KG - F\u00f6rdertechnik<\/title>\n<meta name=\"robots\" content=\"index, follow, max-snippet:-1, max-image-preview:large, max-video-preview:-1\" \/>\n<link rel=\"canonical\" href=\"https:\/\/www.bleichert.de\/en\/ihr-anlagenberater\/\" \/>\n<meta property=\"og:locale\" content=\"en_US\" \/>\n<meta property=\"og:type\" content=\"article\" \/>\n<meta property=\"og:title\" content=\"IHR ANLAGENBERATER - BLEICHERT Automation GmbH &amp; Co. KG - F\u00f6rdertechnik\" \/>\n<meta property=\"og:url\" content=\"https:\/\/www.bleichert.de\/en\/ihr-anlagenberater\/\" \/>\n<meta property=\"og:site_name\" content=\"BLEICHERT Automation GmbH &amp; Co. KG - F\u00f6rdertechnik\" \/>\n<meta property=\"article:modified_time\" content=\"2024-07-02T13:12:31+00:00\" \/>\n<meta name=\"twitter:card\" content=\"summary_large_image\" \/>\n<meta name=\"twitter:label1\" content=\"Est. reading time\" \/>\n\t<meta name=\"twitter:data1\" content=\"2 minutes\" \/>\n<script type=\"application\/ld+json\" class=\"yoast-schema-graph\">{\"@context\":\"https:\\\/\\\/schema.org\",\"@graph\":[{\"@type\":\"WebPage\",\"@id\":\"https:\\\/\\\/www.bleichert.de\\\/en\\\/ihr-anlagenberater\\\/\",\"url\":\"https:\\\/\\\/www.bleichert.de\\\/en\\\/ihr-anlagenberater\\\/\",\"name\":\"IHR ANLAGENBERATER - BLEICHERT Automation GmbH &amp; Co. KG - F\u00f6rdertechnik\",\"isPartOf\":{\"@id\":\"https:\\\/\\\/www.bleichert.de\\\/en\\\/#website\"},\"datePublished\":\"2022-07-04T09:01:56+00:00\",\"dateModified\":\"2024-07-02T13:12:31+00:00\",\"breadcrumb\":{\"@id\":\"https:\\\/\\\/www.bleichert.de\\\/en\\\/ihr-anlagenberater\\\/#breadcrumb\"},\"inLanguage\":\"en-US\",\"potentialAction\":[{\"@type\":\"ReadAction\",\"target\":[\"https:\\\/\\\/www.bleichert.de\\\/en\\\/ihr-anlagenberater\\\/\"]}]},{\"@type\":\"BreadcrumbList\",\"@id\":\"https:\\\/\\\/www.bleichert.de\\\/en\\\/ihr-anlagenberater\\\/#breadcrumb\",\"itemListElement\":[{\"@type\":\"ListItem\",\"position\":1,\"name\":\"Startseite\",\"item\":\"https:\\\/\\\/www.bleichert.de\\\/en\\\/\"},{\"@type\":\"ListItem\",\"position\":2,\"name\":\"IHR ANLAGENBERATER\"}]},{\"@type\":\"WebSite\",\"@id\":\"https:\\\/\\\/www.bleichert.de\\\/en\\\/#website\",\"url\":\"https:\\\/\\\/www.bleichert.de\\\/en\\\/\",\"name\":\"BLEICHERT Automation GmbH &amp; Co. KG - F\u00f6rdertechnik\",\"description\":\"Individuellen Anlagen f\u00fcr die Automatisierung, der F\u00f6rdertechnik, sowie der Transport- und Verkettungstechnik\",\"publisher\":{\"@id\":\"https:\\\/\\\/www.bleichert.de\\\/en\\\/#organization\"},\"potentialAction\":[{\"@type\":\"SearchAction\",\"target\":{\"@type\":\"EntryPoint\",\"urlTemplate\":\"https:\\\/\\\/www.bleichert.de\\\/en\\\/?s={search_term_string}\"},\"query-input\":{\"@type\":\"PropertyValueSpecification\",\"valueRequired\":true,\"valueName\":\"search_term_string\"}}],\"inLanguage\":\"en-US\"},{\"@type\":\"Organization\",\"@id\":\"https:\\\/\\\/www.bleichert.de\\\/en\\\/#organization\",\"name\":\"BLEICHERT Automation GmbH & Co. KG\",\"url\":\"https:\\\/\\\/www.bleichert.de\\\/en\\\/\",\"logo\":{\"@type\":\"ImageObject\",\"inLanguage\":\"en-US\",\"@id\":\"https:\\\/\\\/www.bleichert.de\\\/en\\\/#\\\/schema\\\/logo\\\/image\\\/\",\"url\":\"https:\\\/\\\/www.bleichert.de\\\/wp-content\\\/uploads\\\/2022\\\/05\\\/logo_bleichert_hometop.jpg\",\"contentUrl\":\"https:\\\/\\\/www.bleichert.de\\\/wp-content\\\/uploads\\\/2022\\\/05\\\/logo_bleichert_hometop.jpg\",\"width\":315,\"height\":75,\"caption\":\"BLEICHERT Automation GmbH & Co. KG\"},\"image\":{\"@id\":\"https:\\\/\\\/www.bleichert.de\\\/en\\\/#\\\/schema\\\/logo\\\/image\\\/\"}}]}<\/script>\n<!-- \/ Yoast SEO plugin. -->","yoast_head_json":{"title":"IHR ANLAGENBERATER - BLEICHERT Automation GmbH &amp; Co. KG - F\u00f6rdertechnik","robots":{"index":"index","follow":"follow","max-snippet":"max-snippet:-1","max-image-preview":"max-image-preview:large","max-video-preview":"max-video-preview:-1"},"canonical":"https:\/\/www.bleichert.de\/en\/ihr-anlagenberater\/","og_locale":"en_US","og_type":"article","og_title":"IHR ANLAGENBERATER - BLEICHERT Automation GmbH &amp; Co. KG - F\u00f6rdertechnik","og_url":"https:\/\/www.bleichert.de\/en\/ihr-anlagenberater\/","og_site_name":"BLEICHERT Automation GmbH &amp; Co. KG - F\u00f6rdertechnik","article_modified_time":"2024-07-02T13:12:31+00:00","twitter_card":"summary_large_image","twitter_misc":{"Est. reading time":"2 minutes"},"schema":{"@context":"https:\/\/schema.org","@graph":[{"@type":"WebPage","@id":"https:\/\/www.bleichert.de\/en\/ihr-anlagenberater\/","url":"https:\/\/www.bleichert.de\/en\/ihr-anlagenberater\/","name":"IHR ANLAGENBERATER - BLEICHERT Automation GmbH &amp; Co. KG - F\u00f6rdertechnik","isPartOf":{"@id":"https:\/\/www.bleichert.de\/en\/#website"},"datePublished":"2022-07-04T09:01:56+00:00","dateModified":"2024-07-02T13:12:31+00:00","breadcrumb":{"@id":"https:\/\/www.bleichert.de\/en\/ihr-anlagenberater\/#breadcrumb"},"inLanguage":"en-US","potentialAction":[{"@type":"ReadAction","target":["https:\/\/www.bleichert.de\/en\/ihr-anlagenberater\/"]}]},{"@type":"BreadcrumbList","@id":"https:\/\/www.bleichert.de\/en\/ihr-anlagenberater\/#breadcrumb","itemListElement":[{"@type":"ListItem","position":1,"name":"Startseite","item":"https:\/\/www.bleichert.de\/en\/"},{"@type":"ListItem","position":2,"name":"IHR ANLAGENBERATER"}]},{"@type":"WebSite","@id":"https:\/\/www.bleichert.de\/en\/#website","url":"https:\/\/www.bleichert.de\/en\/","name":"BLEICHERT Automation GmbH &amp; Co. KG - F\u00f6rdertechnik","description":"Individuellen Anlagen f\u00fcr die Automatisierung, der F\u00f6rdertechnik, sowie der Transport- und Verkettungstechnik","publisher":{"@id":"https:\/\/www.bleichert.de\/en\/#organization"},"potentialAction":[{"@type":"SearchAction","target":{"@type":"EntryPoint","urlTemplate":"https:\/\/www.bleichert.de\/en\/?s={search_term_string}"},"query-input":{"@type":"PropertyValueSpecification","valueRequired":true,"valueName":"search_term_string"}}],"inLanguage":"en-US"},{"@type":"Organization","@id":"https:\/\/www.bleichert.de\/en\/#organization","name":"BLEICHERT Automation GmbH & Co. KG","url":"https:\/\/www.bleichert.de\/en\/","logo":{"@type":"ImageObject","inLanguage":"en-US","@id":"https:\/\/www.bleichert.de\/en\/#\/schema\/logo\/image\/","url":"https:\/\/www.bleichert.de\/wp-content\/uploads\/2022\/05\/logo_bleichert_hometop.jpg","contentUrl":"https:\/\/www.bleichert.de\/wp-content\/uploads\/2022\/05\/logo_bleichert_hometop.jpg","width":315,"height":75,"caption":"BLEICHERT Automation GmbH & Co. KG"},"image":{"@id":"https:\/\/www.bleichert.de\/en\/#\/schema\/logo\/image\/"}}]}},"_links":{"self":[{"href":"https:\/\/www.bleichert.de\/en\/wp-json\/wp\/v2\/pages\/8189","targetHints":{"allow":["GET"]}}],"collection":[{"href":"https:\/\/www.bleichert.de\/en\/wp-json\/wp\/v2\/pages"}],"about":[{"href":"https:\/\/www.bleichert.de\/en\/wp-json\/wp\/v2\/types\/page"}],"author":[{"embeddable":true,"href":"https:\/\/www.bleichert.de\/en\/wp-json\/wp\/v2\/users\/19"}],"replies":[{"embeddable":true,"href":"https:\/\/www.bleichert.de\/en\/wp-json\/wp\/v2\/comments?post=8189"}],"version-history":[{"count":3,"href":"https:\/\/www.bleichert.de\/en\/wp-json\/wp\/v2\/pages\/8189\/revisions"}],"predecessor-version":[{"id":8192,"href":"https:\/\/www.bleichert.de\/en\/wp-json\/wp\/v2\/pages\/8189\/revisions\/8192"}],"wp:attachment":[{"href":"https:\/\/www.bleichert.de\/en\/wp-json\/wp\/v2\/media?parent=8189"}],"curies":[{"name":"wp","href":"https:\/\/api.w.org\/{rel}","templated":true}]}}