{"id":7837,"date":"2022-08-24T15:50:07","date_gmt":"2022-08-24T13:50:07","guid":{"rendered":"https:\/\/www.bleichert.de\/about-us\/agb\/"},"modified":"2025-06-26T13:08:47","modified_gmt":"2025-06-26T11:08:47","slug":"agb","status":"publish","type":"page","link":"https:\/\/www.bleichert.de\/en\/about-us\/agb\/","title":{"rendered":"General Terms and Conditions"},"content":{"rendered":"<p><div class=\"fusion-fullwidth fullwidth-box fusion-builder-row-1 fusion-flex-container nonhundred-percent-fullwidth non-hundred-percent-height-scrolling\" style=\"--awb-border-radius-top-left:0px;--awb-border-radius-top-right:0px;--awb-border-radius-bottom-right:0px;--awb-border-radius-bottom-left:0px;--awb-flex-wrap:wrap;\" ><div class=\"fusion-builder-row fusion-row fusion-flex-align-items-flex-start fusion-flex-content-wrap\" style=\"max-width:1664px;margin-left: calc(-4% \/ 2 );margin-right: calc(-4% \/ 2 );\"><div class=\"fusion-layout-column fusion_builder_column fusion-builder-column-0 fusion_builder_column_1_1 1_1 fusion-flex-column\" style=\"--awb-bg-size:cover;--awb-width-large:100%;--awb-margin-top-large:0px;--awb-spacing-right-large:1.92%;--awb-margin-bottom-large:0px;--awb-spacing-left-large:1.92%;--awb-width-medium:100%;--awb-order-medium:0;--awb-spacing-right-medium:1.92%;--awb-spacing-left-medium:1.92%;--awb-width-small:100%;--awb-order-small:0;--awb-spacing-right-small:1.92%;--awb-spacing-left-small:1.92%;\"><div class=\"fusion-column-wrapper fusion-column-has-shadow fusion-flex-justify-content-flex-start fusion-content-layout-column\">\n<div class=\"fusion-slider-revolution rev_slider_wrapper\">\t\t\t<!-- START impressum REVOLUTION SLIDER 6.7.41 --><p class=\"rs-p-wp-fix\"><\/p>\n\t\t\t<rs-module-wrap id=\"rev_slider_158_1_wrapper\" data-source=\"gallery\" style=\"visibility:hidden;background:transparent;padding:0;margin:0px auto;margin-top:0;margin-bottom:0;\">\n\t\t\t\t<rs-module id=\"rev_slider_158_1\" style=\"\" data-version=\"6.7.41\">\n\t\t\t\t\t<rs-slides style=\"overflow: hidden; position: absolute;\">\n\t\t\t\t\t\t<rs-slide style=\"position: absolute;\" data-key=\"rs-259\" data-title=\"Slide\" data-anim=\"adpr:false;\" data-in=\"o:0;\" data-out=\"a:false;\">\n\t\t\t\t\t\t\t<img decoding=\"async\" src=\"\/\/www.bleichert.de\/wp-content\/plugins\/revslider\/sr6\/assets\/assets\/dummy.png\" alt=\"\" title=\"2254-Kopie\" width=\"2500\" height=\"1000\" class=\"rev-slidebg tp-rs-img rs-lazyload\" data-lazyload=\"\/\/www.bleichert.de\/wp-content\/uploads\/2022\/06\/2254-Kopie.jpg\" data-bg=\"f:contain;\" data-no-retina>\n<!---->\t\t\t\t\t<\/rs-slide>\n\t\t\t\t\t<\/rs-slides>\n\t\t\t\t<\/rs-module>\n\t\t\t\t<script>\n\t\t\t\t\tsetREVStartSize({c: 'rev_slider_158_1',rl:[1118,1118,1118,800],el:[1000],gw:[2500],gh:[1000],type:'hero',justify:'',layout:'fullwidth',mh:\"0\"});if (window.RS_MODULES!==undefined && window.RS_MODULES.modules!==undefined && window.RS_MODULES.modules[\"revslider1581\"]!==undefined) {window.RS_MODULES.modules[\"revslider1581\"].once = false;window.revapi158 = undefined;if (window.RS_MODULES.checkMinimal!==undefined) window.RS_MODULES.checkMinimal()}\n\t\t\t\t<\/script>\n\t\t\t<\/rs-module-wrap>\n\t\t\t<!-- END REVOLUTION SLIDER -->\n<\/div><\/div><\/div><\/div><\/div><div class=\"fusion-bg-parallax\" data-bg-align=\"right top\" data-direction=\"down\" data-mute=\"false\" data-opacity=\"100\" data-velocity=\"-0.3\" data-mobile-enabled=\"false\" data-break_parents=\"0\" data-bg-image=\"https:\/\/www.bleichert.de\/wp-content\/uploads\/2022\/06\/net_back-1.jpg\" data-bg-repeat=\"false\" ><\/div><div class=\"fusion-fullwidth fullwidth-box fusion-builder-row-2 fusion-flex-container fusion-parallax-down nonhundred-percent-fullwidth non-hundred-percent-height-scrolling\" style=\"--awb-background-position:right top;--awb-border-radius-top-left:0px;--awb-border-radius-top-right:0px;--awb-border-radius-bottom-right:0px;--awb-border-radius-bottom-left:0px;--awb-padding-top:40px;--awb-padding-bottom:34px;--awb-padding-top-medium:24px;--awb-padding-top-small:26px;--awb-padding-right-small:30px;--awb-padding-bottom-small:0px;--awb-padding-left-small:30px;--awb-background-image:url(&quot;https:\/\/www.bleichert.de\/wp-content\/uploads\/2022\/06\/net_back-1.jpg&quot;);--awb-background-size:cover;--awb-flex-wrap:wrap;\" ><div class=\"fusion-builder-row fusion-row fusion-flex-align-items-flex-start fusion-flex-justify-content-center fusion-flex-content-wrap\" style=\"max-width:1664px;margin-left: calc(-4% \/ 2 );margin-right: calc(-4% \/ 2 );\"><div class=\"fusion-layout-column fusion_builder_column fusion-builder-column-1 fusion_builder_column_4_5 4_5 fusion-flex-column\" style=\"--awb-bg-size:cover;--awb-width-large:80%;--awb-margin-top-large:0px;--awb-spacing-right-large:2.4%;--awb-margin-bottom-large:40px;--awb-spacing-left-large:2.4%;--awb-width-medium:75%;--awb-order-medium:0;--awb-spacing-right-medium:2.56%;--awb-margin-bottom-medium:54px;--awb-spacing-left-medium:2.56%;--awb-width-small:100%;--awb-order-small:0;--awb-spacing-right-small:1.92%;--awb-margin-bottom-small:28px;--awb-spacing-left-small:1.92%;\"><div class=\"fusion-column-wrapper fusion-column-has-shadow fusion-flex-justify-content-flex-start fusion-content-layout-column\"><div class=\"fusion-text fusion-text-1\"><h1 style=\"text-align: center;\">General Terms and Conditions<\/h1>\n<\/div><BR><div style=\"text-align:center;\"><a class=\"fusion-button button-flat button-large button-custom fusion-button-default button-1 fusion-button-default-span fusion-button-default-type fusion-has-button-gradient\" style=\"--button_accent_color:#ffffff;--button_accent_hover_color:#ffffff;--button_border_hover_color:#ffffff;--button-border-radius-top-left:0;--button-border-radius-top-right:0;--button-border-radius-bottom-right:0;--button-border-radius-bottom-left:0;--button_gradient_top_color:var(--awb-color5);--button_gradient_bottom_color:var(--awb-color4);--button_gradient_top_color_hover:#5aa86c;--button_gradient_bottom_color_hover:#5aa86c;\" target=\"_self\" href=\"https:\/\/www.bleichert.de\/wp-content\/uploads\/2025\/06\/BLEICHERT_GeneralTermsAndConditions_en.pdf\"><i class=\"fa-arrow-alt-circle-right fas awb-button__icon awb-button__icon--default button-icon-left\" aria-hidden=\"true\"><\/i><span class=\"fusion-button-text awb-button__text awb-button__text--default\">download general terms and conditions english<\/span><\/a><\/div><\/div><\/div><div class=\"fusion-layout-column fusion_builder_column fusion-builder-column-2 fusion_builder_column_4_5 4_5 fusion-flex-column\" style=\"--awb-bg-size:cover;--awb-width-large:80%;--awb-margin-top-large:0px;--awb-spacing-right-large:2.4%;--awb-margin-bottom-large:20px;--awb-spacing-left-large:2.4%;--awb-width-medium:75%;--awb-order-medium:0;--awb-spacing-right-medium:2.56%;--awb-spacing-left-medium:2.56%;--awb-width-small:100%;--awb-order-small:0;--awb-spacing-right-small:1.92%;--awb-spacing-left-small:1.92%;\"><div class=\"fusion-column-wrapper fusion-column-has-shadow fusion-flex-justify-content-flex-start fusion-content-layout-column\"><\/div><\/div><\/div><\/div><div class=\"fusion-fullwidth fullwidth-box fusion-builder-row-3 fusion-flex-container nonhundred-percent-fullwidth non-hundred-percent-height-scrolling\" style=\"--awb-border-radius-top-left:0px;--awb-border-radius-top-right:0px;--awb-border-radius-bottom-right:0px;--awb-border-radius-bottom-left:0px;--awb-padding-top:41px;--awb-padding-right:10%;--awb-padding-bottom:30px;--awb-padding-left:10%;--awb-padding-top-medium:47px;--awb-padding-right-medium:30px;--awb-padding-bottom-medium:30px;--awb-padding-left-medium:30px;--awb-padding-top-small:57px;--awb-padding-bottom-small:28px;--awb-background-color:#0970b8;--awb-flex-wrap:wrap;\" ><div class=\"fusion-builder-row fusion-row fusion-flex-align-items-flex-start fusion-flex-justify-content-center fusion-flex-content-wrap\" style=\"max-width:1664px;margin-left: calc(-4% \/ 2 );margin-right: calc(-4% \/ 2 );\"><div class=\"fusion-layout-column fusion_builder_column fusion-builder-column-3 fusion_builder_column_1_3 1_3 fusion-flex-column\" style=\"--awb-bg-size:cover;--awb-width-large:33.333333333333%;--awb-margin-top-large:0px;--awb-spacing-right-large:5.76%;--awb-margin-bottom-large:20px;--awb-spacing-left-large:5.76%;--awb-width-medium:33.333333333333%;--awb-order-medium:0;--awb-spacing-right-medium:5.76%;--awb-spacing-left-medium:5.76%;--awb-width-small:100%;--awb-order-small:0;--awb-spacing-right-small:1.92%;--awb-margin-bottom-small:33px;--awb-spacing-left-small:1.92%;\"><div class=\"fusion-column-wrapper fusion-column-has-shadow fusion-flex-justify-content-flex-start fusion-content-layout-column\"><div class=\"fusion-image-element \" style=\"text-align:center;--awb-caption-title-font-family:var(--h2_typography-font-family);--awb-caption-title-font-weight:var(--h2_typography-font-weight);--awb-caption-title-font-style:var(--h2_typography-font-style);--awb-caption-title-size:var(--h2_typography-font-size);--awb-caption-title-transform:var(--h2_typography-text-transform);--awb-caption-title-line-height:var(--h2_typography-line-height);--awb-caption-title-letter-spacing:var(--h2_typography-letter-spacing);\"><span class=\" fusion-imageframe imageframe-none imageframe-1 hover-type-zoomout popmake-241\"><img decoding=\"async\" width=\"85\" height=\"85\" title=\"telefon_icon\" src=\"https:\/\/www.bleichert.de\/wp-content\/uploads\/2022\/06\/telefon_icon.png\" alt class=\"img-responsive wp-image-6492\" srcset=\"https:\/\/www.bleichert.de\/wp-content\/uploads\/2022\/06\/telefon_icon-66x66.png 66w, https:\/\/www.bleichert.de\/wp-content\/uploads\/2022\/06\/telefon_icon.png 85w\" sizes=\"(max-width: 85px) 100vw, 85px\" \/><\/span><\/div><div class=\"fusion-text fusion-text-2\" style=\"--awb-text-color:#ffffff;--awb-margin-top:20px;--awb-text-font-family:&quot;Open Sans&quot;;--awb-text-font-style:normal;--awb-text-font-weight:400;\"><p style=\"text-align: center;\">Call us!<br \/>\n<b>06291 930<\/b><\/p>\n<\/div><\/div><\/div><div class=\"fusion-layout-column fusion_builder_column fusion-builder-column-4 fusion_builder_column_1_3 1_3 fusion-flex-column\" style=\"--awb-bg-size:cover;--awb-width-large:33.333333333333%;--awb-margin-top-large:0px;--awb-spacing-right-large:5.76%;--awb-margin-bottom-large:20px;--awb-spacing-left-large:5.76%;--awb-width-medium:33.333333333333%;--awb-order-medium:0;--awb-spacing-right-medium:5.76%;--awb-spacing-left-medium:5.76%;--awb-width-small:100%;--awb-order-small:0;--awb-spacing-right-small:1.92%;--awb-margin-bottom-small:32px;--awb-spacing-left-small:1.92%;\"><div class=\"fusion-column-wrapper fusion-column-has-shadow fusion-flex-justify-content-flex-start fusion-content-layout-column\"><div class=\"fusion-image-element \" style=\"text-align:center;--awb-caption-title-font-family:var(--h2_typography-font-family);--awb-caption-title-font-weight:var(--h2_typography-font-weight);--awb-caption-title-font-style:var(--h2_typography-font-style);--awb-caption-title-size:var(--h2_typography-font-size);--awb-caption-title-transform:var(--h2_typography-text-transform);--awb-caption-title-line-height:var(--h2_typography-line-height);--awb-caption-title-letter-spacing:var(--h2_typography-letter-spacing);\"><span class=\" fusion-imageframe imageframe-none imageframe-2 hover-type-zoomout\"><a class=\"fusion-no-lightbox\" href=\"mailto:info@bleichert.de\" target=\"_self\" aria-label=\"mail_icon\"><img decoding=\"async\" width=\"85\" height=\"85\" src=\"https:\/\/www.bleichert.de\/wp-content\/uploads\/2022\/06\/mail_icon.png\" alt class=\"img-responsive wp-image-6490\" srcset=\"https:\/\/www.bleichert.de\/wp-content\/uploads\/2022\/06\/mail_icon-66x66.png 66w, https:\/\/www.bleichert.de\/wp-content\/uploads\/2022\/06\/mail_icon.png 85w\" sizes=\"(max-width: 85px) 100vw, 85px\" \/><\/a><\/span><\/div><div class=\"fusion-text fusion-text-3\" style=\"--awb-text-color:#ffffff;--awb-margin-top:20px;--awb-text-font-family:&quot;Open Sans&quot;;--awb-text-font-style:normal;--awb-text-font-weight:400;\"><p style=\"text-align: center;\">Write to us!!<br \/>\n<b>info@bleichert.de<\/b><\/p>\n<\/div><\/div><\/div><div class=\"fusion-layout-column fusion_builder_column fusion-builder-column-5 fusion_builder_column_1_3 1_3 fusion-flex-column\" style=\"--awb-bg-size:cover;--awb-width-large:33.333333333333%;--awb-margin-top-large:0px;--awb-spacing-right-large:5.76%;--awb-margin-bottom-large:20px;--awb-spacing-left-large:5.76%;--awb-width-medium:33.333333333333%;--awb-order-medium:0;--awb-spacing-right-medium:5.76%;--awb-spacing-left-medium:5.76%;--awb-width-small:100%;--awb-order-small:0;--awb-spacing-right-small:1.92%;--awb-spacing-left-small:1.92%;\"><div class=\"fusion-column-wrapper fusion-column-has-shadow fusion-flex-justify-content-flex-start fusion-content-layout-column\"><div class=\"fusion-image-element \" style=\"text-align:center;--awb-caption-title-font-family:var(--h2_typography-font-family);--awb-caption-title-font-weight:var(--h2_typography-font-weight);--awb-caption-title-font-style:var(--h2_typography-font-style);--awb-caption-title-size:var(--h2_typography-font-size);--awb-caption-title-transform:var(--h2_typography-text-transform);--awb-caption-title-line-height:var(--h2_typography-line-height);--awb-caption-title-letter-spacing:var(--h2_typography-letter-spacing);\"><span class=\" fusion-imageframe imageframe-none imageframe-3 hover-type-zoomout\"><a class=\"fusion-no-lightbox\" href=\"https:\/\/www.bleichert.de\/en\/contact\/\" target=\"_self\" aria-label=\"information_icon\"><img decoding=\"async\" width=\"85\" height=\"85\" src=\"https:\/\/www.bleichert.de\/wp-content\/uploads\/2022\/06\/information_icon.png\" alt class=\"img-responsive wp-image-6488\" srcset=\"https:\/\/www.bleichert.de\/wp-content\/uploads\/2022\/06\/information_icon-66x66.png 66w, https:\/\/www.bleichert.de\/wp-content\/uploads\/2022\/06\/information_icon.png 85w\" sizes=\"(max-width: 85px) 100vw, 85px\" \/><\/a><\/span><\/div><div class=\"fusion-text fusion-text-4\" style=\"--awb-text-color:#ffffff;--awb-margin-top:20px;--awb-text-font-family:&quot;Open Sans&quot;;--awb-text-font-style:normal;--awb-text-font-weight:400;\"><p style=\"text-align: center;\">Receive<br \/>\n<b>more information.<\/b><\/p>\n<\/div><\/div><\/div><\/div><\/div>\n<\/p>\n","protected":false},"excerpt":{"rendered":"","protected":false},"author":21,"featured_media":0,"parent":7625,"menu_order":4,"comment_status":"closed","ping_status":"closed","template":"100-width.php","meta":{"footnotes":""},"class_list":["post-7837","page","type-page","status-publish","hentry"],"yoast_head":"<!-- This site is optimized with the Yoast SEO plugin v27.4 - https:\/\/yoast.com\/product\/yoast-seo-wordpress\/ -->\n<title>General Terms and Conditions - BLEICHERT Automation GmbH &amp; Co. KG - F\u00f6rdertechnik<\/title>\n<meta name=\"robots\" content=\"index, follow, max-snippet:-1, max-image-preview:large, max-video-preview:-1\" \/>\n<link rel=\"canonical\" href=\"https:\/\/www.bleichert.de\/en\/about-us\/agb\/\" \/>\n<meta property=\"og:locale\" content=\"en_US\" \/>\n<meta property=\"og:type\" content=\"article\" \/>\n<meta property=\"og:title\" content=\"General Terms and Conditions - BLEICHERT Automation GmbH &amp; Co. KG - F\u00f6rdertechnik\" \/>\n<meta property=\"og:url\" content=\"https:\/\/www.bleichert.de\/en\/about-us\/agb\/\" \/>\n<meta property=\"og:site_name\" content=\"BLEICHERT Automation GmbH &amp; Co. KG - F\u00f6rdertechnik\" \/>\n<meta property=\"article:modified_time\" content=\"2025-06-26T11:08:47+00:00\" \/>\n<meta name=\"twitter:card\" content=\"summary_large_image\" \/>\n<meta name=\"twitter:label1\" content=\"Est. reading time\" \/>\n\t<meta name=\"twitter:data1\" content=\"26 minutes\" \/>\n<script type=\"application\/ld+json\" class=\"yoast-schema-graph\">{\"@context\":\"https:\\\/\\\/schema.org\",\"@graph\":[{\"@type\":\"WebPage\",\"@id\":\"https:\\\/\\\/www.bleichert.de\\\/en\\\/about-us\\\/agb\\\/\",\"url\":\"https:\\\/\\\/www.bleichert.de\\\/en\\\/about-us\\\/agb\\\/\",\"name\":\"General Terms and Conditions - BLEICHERT Automation GmbH &amp; Co. KG - F\u00f6rdertechnik\",\"isPartOf\":{\"@id\":\"https:\\\/\\\/www.bleichert.de\\\/en\\\/#website\"},\"datePublished\":\"2022-08-24T13:50:07+00:00\",\"dateModified\":\"2025-06-26T11:08:47+00:00\",\"breadcrumb\":{\"@id\":\"https:\\\/\\\/www.bleichert.de\\\/en\\\/about-us\\\/agb\\\/#breadcrumb\"},\"inLanguage\":\"en-US\",\"potentialAction\":[{\"@type\":\"ReadAction\",\"target\":[\"https:\\\/\\\/www.bleichert.de\\\/en\\\/about-us\\\/agb\\\/\"]}]},{\"@type\":\"BreadcrumbList\",\"@id\":\"https:\\\/\\\/www.bleichert.de\\\/en\\\/about-us\\\/agb\\\/#breadcrumb\",\"itemListElement\":[{\"@type\":\"ListItem\",\"position\":1,\"name\":\"Startseite\",\"item\":\"https:\\\/\\\/www.bleichert.de\\\/en\\\/\"},{\"@type\":\"ListItem\",\"position\":2,\"name\":\"ABOUT US\",\"item\":\"https:\\\/\\\/www.bleichert.de\\\/en\\\/about-us\\\/\"},{\"@type\":\"ListItem\",\"position\":3,\"name\":\"General Terms and Conditions\"}]},{\"@type\":\"WebSite\",\"@id\":\"https:\\\/\\\/www.bleichert.de\\\/en\\\/#website\",\"url\":\"https:\\\/\\\/www.bleichert.de\\\/en\\\/\",\"name\":\"BLEICHERT Automation GmbH &amp; Co. KG - F\u00f6rdertechnik\",\"description\":\"Individuellen Anlagen f\u00fcr die Automatisierung, der F\u00f6rdertechnik, sowie der Transport- und Verkettungstechnik\",\"publisher\":{\"@id\":\"https:\\\/\\\/www.bleichert.de\\\/en\\\/#organization\"},\"potentialAction\":[{\"@type\":\"SearchAction\",\"target\":{\"@type\":\"EntryPoint\",\"urlTemplate\":\"https:\\\/\\\/www.bleichert.de\\\/en\\\/?s={search_term_string}\"},\"query-input\":{\"@type\":\"PropertyValueSpecification\",\"valueRequired\":true,\"valueName\":\"search_term_string\"}}],\"inLanguage\":\"en-US\"},{\"@type\":\"Organization\",\"@id\":\"https:\\\/\\\/www.bleichert.de\\\/en\\\/#organization\",\"name\":\"BLEICHERT Automation GmbH & Co. KG\",\"url\":\"https:\\\/\\\/www.bleichert.de\\\/en\\\/\",\"logo\":{\"@type\":\"ImageObject\",\"inLanguage\":\"en-US\",\"@id\":\"https:\\\/\\\/www.bleichert.de\\\/en\\\/#\\\/schema\\\/logo\\\/image\\\/\",\"url\":\"https:\\\/\\\/www.bleichert.de\\\/wp-content\\\/uploads\\\/2022\\\/05\\\/logo_bleichert_hometop.jpg\",\"contentUrl\":\"https:\\\/\\\/www.bleichert.de\\\/wp-content\\\/uploads\\\/2022\\\/05\\\/logo_bleichert_hometop.jpg\",\"width\":315,\"height\":75,\"caption\":\"BLEICHERT Automation GmbH & Co. KG\"},\"image\":{\"@id\":\"https:\\\/\\\/www.bleichert.de\\\/en\\\/#\\\/schema\\\/logo\\\/image\\\/\"}}]}<\/script>\n<!-- \/ Yoast SEO plugin. -->","yoast_head_json":{"title":"General Terms and Conditions - BLEICHERT Automation GmbH &amp; Co. KG - F\u00f6rdertechnik","robots":{"index":"index","follow":"follow","max-snippet":"max-snippet:-1","max-image-preview":"max-image-preview:large","max-video-preview":"max-video-preview:-1"},"canonical":"https:\/\/www.bleichert.de\/en\/about-us\/agb\/","og_locale":"en_US","og_type":"article","og_title":"General Terms and Conditions - BLEICHERT Automation GmbH &amp; Co. KG - F\u00f6rdertechnik","og_url":"https:\/\/www.bleichert.de\/en\/about-us\/agb\/","og_site_name":"BLEICHERT Automation GmbH &amp; Co. KG - F\u00f6rdertechnik","article_modified_time":"2025-06-26T11:08:47+00:00","twitter_card":"summary_large_image","twitter_misc":{"Est. reading time":"26 minutes"},"schema":{"@context":"https:\/\/schema.org","@graph":[{"@type":"WebPage","@id":"https:\/\/www.bleichert.de\/en\/about-us\/agb\/","url":"https:\/\/www.bleichert.de\/en\/about-us\/agb\/","name":"General Terms and Conditions - BLEICHERT Automation GmbH &amp; Co. KG - F\u00f6rdertechnik","isPartOf":{"@id":"https:\/\/www.bleichert.de\/en\/#website"},"datePublished":"2022-08-24T13:50:07+00:00","dateModified":"2025-06-26T11:08:47+00:00","breadcrumb":{"@id":"https:\/\/www.bleichert.de\/en\/about-us\/agb\/#breadcrumb"},"inLanguage":"en-US","potentialAction":[{"@type":"ReadAction","target":["https:\/\/www.bleichert.de\/en\/about-us\/agb\/"]}]},{"@type":"BreadcrumbList","@id":"https:\/\/www.bleichert.de\/en\/about-us\/agb\/#breadcrumb","itemListElement":[{"@type":"ListItem","position":1,"name":"Startseite","item":"https:\/\/www.bleichert.de\/en\/"},{"@type":"ListItem","position":2,"name":"ABOUT US","item":"https:\/\/www.bleichert.de\/en\/about-us\/"},{"@type":"ListItem","position":3,"name":"General Terms and Conditions"}]},{"@type":"WebSite","@id":"https:\/\/www.bleichert.de\/en\/#website","url":"https:\/\/www.bleichert.de\/en\/","name":"BLEICHERT Automation GmbH &amp; Co. KG - F\u00f6rdertechnik","description":"Individuellen Anlagen f\u00fcr die Automatisierung, der F\u00f6rdertechnik, sowie der Transport- und Verkettungstechnik","publisher":{"@id":"https:\/\/www.bleichert.de\/en\/#organization"},"potentialAction":[{"@type":"SearchAction","target":{"@type":"EntryPoint","urlTemplate":"https:\/\/www.bleichert.de\/en\/?s={search_term_string}"},"query-input":{"@type":"PropertyValueSpecification","valueRequired":true,"valueName":"search_term_string"}}],"inLanguage":"en-US"},{"@type":"Organization","@id":"https:\/\/www.bleichert.de\/en\/#organization","name":"BLEICHERT Automation GmbH & Co. KG","url":"https:\/\/www.bleichert.de\/en\/","logo":{"@type":"ImageObject","inLanguage":"en-US","@id":"https:\/\/www.bleichert.de\/en\/#\/schema\/logo\/image\/","url":"https:\/\/www.bleichert.de\/wp-content\/uploads\/2022\/05\/logo_bleichert_hometop.jpg","contentUrl":"https:\/\/www.bleichert.de\/wp-content\/uploads\/2022\/05\/logo_bleichert_hometop.jpg","width":315,"height":75,"caption":"BLEICHERT Automation GmbH & Co. KG"},"image":{"@id":"https:\/\/www.bleichert.de\/en\/#\/schema\/logo\/image\/"}}]}},"_links":{"self":[{"href":"https:\/\/www.bleichert.de\/en\/wp-json\/wp\/v2\/pages\/7837","targetHints":{"allow":["GET"]}}],"collection":[{"href":"https:\/\/www.bleichert.de\/en\/wp-json\/wp\/v2\/pages"}],"about":[{"href":"https:\/\/www.bleichert.de\/en\/wp-json\/wp\/v2\/types\/page"}],"author":[{"embeddable":true,"href":"https:\/\/www.bleichert.de\/en\/wp-json\/wp\/v2\/users\/21"}],"replies":[{"embeddable":true,"href":"https:\/\/www.bleichert.de\/en\/wp-json\/wp\/v2\/comments?post=7837"}],"version-history":[{"count":9,"href":"https:\/\/www.bleichert.de\/en\/wp-json\/wp\/v2\/pages\/7837\/revisions"}],"predecessor-version":[{"id":8612,"href":"https:\/\/www.bleichert.de\/en\/wp-json\/wp\/v2\/pages\/7837\/revisions\/8612"}],"up":[{"embeddable":true,"href":"https:\/\/www.bleichert.de\/en\/wp-json\/wp\/v2\/pages\/7625"}],"wp:attachment":[{"href":"https:\/\/www.bleichert.de\/en\/wp-json\/wp\/v2\/media?parent=7837"}],"curies":[{"name":"wp","href":"https:\/\/api.w.org\/{rel}","templated":true}]}}