{"id":7803,"date":"2023-04-17T07:53:48","date_gmt":"2023-04-17T05:53:48","guid":{"rendered":"https:\/\/www.bleichert.de\/about-us\/ekb\/"},"modified":"2025-06-26T13:06:53","modified_gmt":"2025-06-26T11:06:53","slug":"ekb","status":"publish","type":"page","link":"https:\/\/www.bleichert.de\/en\/about-us\/ekb\/","title":{"rendered":"Terms and Conditions of Purchase"},"content":{"rendered":"<p><div class=\"fusion-fullwidth fullwidth-box fusion-builder-row-1 fusion-flex-container nonhundred-percent-fullwidth non-hundred-percent-height-scrolling\" style=\"--awb-border-radius-top-left:0px;--awb-border-radius-top-right:0px;--awb-border-radius-bottom-right:0px;--awb-border-radius-bottom-left:0px;--awb-flex-wrap:wrap;\" ><div class=\"fusion-builder-row fusion-row fusion-flex-align-items-flex-start fusion-flex-content-wrap\" style=\"max-width:1664px;margin-left: calc(-4% \/ 2 );margin-right: calc(-4% \/ 2 );\"><div class=\"fusion-layout-column fusion_builder_column fusion-builder-column-0 fusion_builder_column_1_1 1_1 fusion-flex-column\" style=\"--awb-bg-size:cover;--awb-width-large:100%;--awb-margin-top-large:0px;--awb-spacing-right-large:1.92%;--awb-margin-bottom-large:0px;--awb-spacing-left-large:1.92%;--awb-width-medium:100%;--awb-order-medium:0;--awb-spacing-right-medium:1.92%;--awb-spacing-left-medium:1.92%;--awb-width-small:100%;--awb-order-small:0;--awb-spacing-right-small:1.92%;--awb-spacing-left-small:1.92%;\"><div class=\"fusion-column-wrapper fusion-column-has-shadow fusion-flex-justify-content-flex-start fusion-content-layout-column\">\n<div class=\"fusion-slider-revolution rev_slider_wrapper\">\t\t\t<!-- START impressum REVOLUTION SLIDER 6.7.41 --><p class=\"rs-p-wp-fix\"><\/p>\n\t\t\t<rs-module-wrap id=\"rev_slider_158_1_wrapper\" data-source=\"gallery\" style=\"visibility:hidden;background:transparent;padding:0;margin:0px auto;margin-top:0;margin-bottom:0;\">\n\t\t\t\t<rs-module id=\"rev_slider_158_1\" style=\"\" data-version=\"6.7.41\">\n\t\t\t\t\t<rs-slides style=\"overflow: hidden; position: absolute;\">\n\t\t\t\t\t\t<rs-slide style=\"position: absolute;\" data-key=\"rs-259\" data-title=\"Slide\" data-anim=\"adpr:false;\" data-in=\"o:0;\" data-out=\"a:false;\">\n\t\t\t\t\t\t\t<img decoding=\"async\" src=\"\/\/www.bleichert.de\/wp-content\/plugins\/revslider\/sr6\/assets\/assets\/dummy.png\" alt=\"\" title=\"2254-Kopie\" width=\"2500\" height=\"1000\" class=\"rev-slidebg tp-rs-img rs-lazyload\" data-lazyload=\"\/\/www.bleichert.de\/wp-content\/uploads\/2022\/06\/2254-Kopie.jpg\" data-bg=\"f:contain;\" data-no-retina>\n<!---->\t\t\t\t\t<\/rs-slide>\n\t\t\t\t\t<\/rs-slides>\n\t\t\t\t<\/rs-module>\n\t\t\t\t<script>\n\t\t\t\t\tsetREVStartSize({c: 'rev_slider_158_1',rl:[1118,1118,1118,800],el:[1000],gw:[2500],gh:[1000],type:'hero',justify:'',layout:'fullwidth',mh:\"0\"});if (window.RS_MODULES!==undefined && window.RS_MODULES.modules!==undefined && window.RS_MODULES.modules[\"revslider1581\"]!==undefined) {window.RS_MODULES.modules[\"revslider1581\"].once = false;window.revapi158 = undefined;if (window.RS_MODULES.checkMinimal!==undefined) window.RS_MODULES.checkMinimal()}\n\t\t\t\t<\/script>\n\t\t\t<\/rs-module-wrap>\n\t\t\t<!-- END REVOLUTION SLIDER -->\n<\/div><\/div><\/div><\/div><\/div><div class=\"fusion-fullwidth fullwidth-box fusion-builder-row-2 fusion-flex-container has-pattern-background has-mask-background nonhundred-percent-fullwidth non-hundred-percent-height-scrolling\" style=\"--awb-border-radius-top-left:0px;--awb-border-radius-top-right:0px;--awb-border-radius-bottom-right:0px;--awb-border-radius-bottom-left:0px;--awb-flex-wrap:wrap;\" ><div class=\"fusion-builder-row fusion-row fusion-flex-align-items-flex-start fusion-flex-justify-content-center fusion-flex-content-wrap\" style=\"max-width:1664px;margin-left: calc(-4% \/ 2 );margin-right: calc(-4% \/ 2 );\"><div class=\"fusion-layout-column fusion_builder_column fusion-builder-column-1 fusion_builder_column_4_5 4_5 fusion-flex-column\" style=\"--awb-bg-size:cover;--awb-width-large:80%;--awb-margin-top-large:0px;--awb-spacing-right-large:2.4%;--awb-margin-bottom-large:20px;--awb-spacing-left-large:2.4%;--awb-width-medium:80%;--awb-order-medium:0;--awb-spacing-right-medium:2.4%;--awb-spacing-left-medium:2.4%;--awb-width-small:100%;--awb-order-small:0;--awb-spacing-right-small:1.92%;--awb-spacing-left-small:1.92%;\"><div class=\"fusion-column-wrapper fusion-column-has-shadow fusion-flex-justify-content-flex-start fusion-content-layout-column\"><div class=\"fusion-text fusion-text-1\"><h1 style=\"text-align: center;\">Terms and Conditions of Purchase<\/h1>\n<\/div><BR><div style=\"text-align:center;\"><a class=\"fusion-button button-flat button-large button-custom fusion-button-default button-1 fusion-button-default-span fusion-button-default-type fusion-has-button-gradient\" style=\"--button_accent_color:#ffffff;--button_accent_hover_color:#ffffff;--button_border_hover_color:#ffffff;--button-border-radius-top-left:0;--button-border-radius-top-right:0;--button-border-radius-bottom-right:0;--button-border-radius-bottom-left:0;--button_gradient_top_color:var(--awb-color5);--button_gradient_bottom_color:var(--awb-color4);--button_gradient_top_color_hover:#5aa86c;--button_gradient_bottom_color_hover:#5aa86c;\" target=\"_self\" href=\"https:\/\/www.bleichert.de\/wp-content\/uploads\/2025\/06\/BLEICHERT_TermsAndConditionsOfPurchase_en.pdf\"><i class=\"fa-arrow-alt-circle-right fas awb-button__icon awb-button__icon--default button-icon-left\" aria-hidden=\"true\"><\/i><span class=\"fusion-button-text awb-button__text awb-button__text--default\">Download Terms and Conditions of Purchase English<\/span><\/a><\/div><\/div><\/div><\/div><\/div><\/p>\n","protected":false},"excerpt":{"rendered":"","protected":false},"author":21,"featured_media":0,"parent":7625,"menu_order":3,"comment_status":"closed","ping_status":"closed","template":"","meta":{"footnotes":""},"class_list":["post-7803","page","type-page","status-publish","hentry"],"yoast_head":"<!-- This site is optimized with the Yoast SEO plugin v27.5 - https:\/\/yoast.com\/product\/yoast-seo-wordpress\/ -->\n<title>Terms and Conditions of Purchase - BLEICHERT Automation GmbH &amp; Co. KG - F\u00f6rdertechnik<\/title>\n<meta name=\"robots\" content=\"index, follow, max-snippet:-1, max-image-preview:large, max-video-preview:-1\" \/>\n<link rel=\"canonical\" href=\"https:\/\/www.bleichert.de\/en\/about-us\/ekb\/\" \/>\n<meta property=\"og:locale\" content=\"en_US\" \/>\n<meta property=\"og:type\" content=\"article\" \/>\n<meta property=\"og:title\" content=\"Terms and Conditions of Purchase - BLEICHERT Automation GmbH &amp; Co. KG - F\u00f6rdertechnik\" \/>\n<meta property=\"og:url\" content=\"https:\/\/www.bleichert.de\/en\/about-us\/ekb\/\" \/>\n<meta property=\"og:site_name\" content=\"BLEICHERT Automation GmbH &amp; Co. KG - F\u00f6rdertechnik\" \/>\n<meta property=\"article:modified_time\" content=\"2025-06-26T11:06:53+00:00\" \/>\n<meta name=\"twitter:card\" content=\"summary_large_image\" \/>\n<meta name=\"twitter:label1\" content=\"Est. reading time\" \/>\n\t<meta name=\"twitter:data1\" content=\"12 minutes\" \/>\n<script type=\"application\/ld+json\" class=\"yoast-schema-graph\">{\"@context\":\"https:\\\/\\\/schema.org\",\"@graph\":[{\"@type\":\"WebPage\",\"@id\":\"https:\\\/\\\/www.bleichert.de\\\/en\\\/about-us\\\/ekb\\\/\",\"url\":\"https:\\\/\\\/www.bleichert.de\\\/en\\\/about-us\\\/ekb\\\/\",\"name\":\"Terms and Conditions of Purchase - BLEICHERT Automation GmbH &amp; Co. KG - F\u00f6rdertechnik\",\"isPartOf\":{\"@id\":\"https:\\\/\\\/www.bleichert.de\\\/en\\\/#website\"},\"datePublished\":\"2023-04-17T05:53:48+00:00\",\"dateModified\":\"2025-06-26T11:06:53+00:00\",\"breadcrumb\":{\"@id\":\"https:\\\/\\\/www.bleichert.de\\\/en\\\/about-us\\\/ekb\\\/#breadcrumb\"},\"inLanguage\":\"en-US\",\"potentialAction\":[{\"@type\":\"ReadAction\",\"target\":[\"https:\\\/\\\/www.bleichert.de\\\/en\\\/about-us\\\/ekb\\\/\"]}]},{\"@type\":\"BreadcrumbList\",\"@id\":\"https:\\\/\\\/www.bleichert.de\\\/en\\\/about-us\\\/ekb\\\/#breadcrumb\",\"itemListElement\":[{\"@type\":\"ListItem\",\"position\":1,\"name\":\"Startseite\",\"item\":\"https:\\\/\\\/www.bleichert.de\\\/en\\\/\"},{\"@type\":\"ListItem\",\"position\":2,\"name\":\"ABOUT US\",\"item\":\"https:\\\/\\\/www.bleichert.de\\\/en\\\/about-us\\\/\"},{\"@type\":\"ListItem\",\"position\":3,\"name\":\"Terms and Conditions of Purchase\"}]},{\"@type\":\"WebSite\",\"@id\":\"https:\\\/\\\/www.bleichert.de\\\/en\\\/#website\",\"url\":\"https:\\\/\\\/www.bleichert.de\\\/en\\\/\",\"name\":\"BLEICHERT Automation GmbH &amp; Co. KG - F\u00f6rdertechnik\",\"description\":\"Individuellen Anlagen f\u00fcr die Automatisierung, der F\u00f6rdertechnik, sowie der Transport- und Verkettungstechnik\",\"publisher\":{\"@id\":\"https:\\\/\\\/www.bleichert.de\\\/en\\\/#organization\"},\"potentialAction\":[{\"@type\":\"SearchAction\",\"target\":{\"@type\":\"EntryPoint\",\"urlTemplate\":\"https:\\\/\\\/www.bleichert.de\\\/en\\\/?s={search_term_string}\"},\"query-input\":{\"@type\":\"PropertyValueSpecification\",\"valueRequired\":true,\"valueName\":\"search_term_string\"}}],\"inLanguage\":\"en-US\"},{\"@type\":\"Organization\",\"@id\":\"https:\\\/\\\/www.bleichert.de\\\/en\\\/#organization\",\"name\":\"BLEICHERT Automation GmbH & Co. KG\",\"url\":\"https:\\\/\\\/www.bleichert.de\\\/en\\\/\",\"logo\":{\"@type\":\"ImageObject\",\"inLanguage\":\"en-US\",\"@id\":\"https:\\\/\\\/www.bleichert.de\\\/en\\\/#\\\/schema\\\/logo\\\/image\\\/\",\"url\":\"https:\\\/\\\/www.bleichert.de\\\/wp-content\\\/uploads\\\/2022\\\/05\\\/logo_bleichert_hometop.jpg\",\"contentUrl\":\"https:\\\/\\\/www.bleichert.de\\\/wp-content\\\/uploads\\\/2022\\\/05\\\/logo_bleichert_hometop.jpg\",\"width\":315,\"height\":75,\"caption\":\"BLEICHERT Automation GmbH & Co. KG\"},\"image\":{\"@id\":\"https:\\\/\\\/www.bleichert.de\\\/en\\\/#\\\/schema\\\/logo\\\/image\\\/\"}}]}<\/script>\n<!-- \/ Yoast SEO plugin. -->","yoast_head_json":{"title":"Terms and Conditions of Purchase - BLEICHERT Automation GmbH &amp; Co. KG - F\u00f6rdertechnik","robots":{"index":"index","follow":"follow","max-snippet":"max-snippet:-1","max-image-preview":"max-image-preview:large","max-video-preview":"max-video-preview:-1"},"canonical":"https:\/\/www.bleichert.de\/en\/about-us\/ekb\/","og_locale":"en_US","og_type":"article","og_title":"Terms and Conditions of Purchase - BLEICHERT Automation GmbH &amp; Co. KG - F\u00f6rdertechnik","og_url":"https:\/\/www.bleichert.de\/en\/about-us\/ekb\/","og_site_name":"BLEICHERT Automation GmbH &amp; Co. KG - F\u00f6rdertechnik","article_modified_time":"2025-06-26T11:06:53+00:00","twitter_card":"summary_large_image","twitter_misc":{"Est. reading time":"12 minutes"},"schema":{"@context":"https:\/\/schema.org","@graph":[{"@type":"WebPage","@id":"https:\/\/www.bleichert.de\/en\/about-us\/ekb\/","url":"https:\/\/www.bleichert.de\/en\/about-us\/ekb\/","name":"Terms and Conditions of Purchase - BLEICHERT Automation GmbH &amp; Co. KG - F\u00f6rdertechnik","isPartOf":{"@id":"https:\/\/www.bleichert.de\/en\/#website"},"datePublished":"2023-04-17T05:53:48+00:00","dateModified":"2025-06-26T11:06:53+00:00","breadcrumb":{"@id":"https:\/\/www.bleichert.de\/en\/about-us\/ekb\/#breadcrumb"},"inLanguage":"en-US","potentialAction":[{"@type":"ReadAction","target":["https:\/\/www.bleichert.de\/en\/about-us\/ekb\/"]}]},{"@type":"BreadcrumbList","@id":"https:\/\/www.bleichert.de\/en\/about-us\/ekb\/#breadcrumb","itemListElement":[{"@type":"ListItem","position":1,"name":"Startseite","item":"https:\/\/www.bleichert.de\/en\/"},{"@type":"ListItem","position":2,"name":"ABOUT US","item":"https:\/\/www.bleichert.de\/en\/about-us\/"},{"@type":"ListItem","position":3,"name":"Terms and Conditions of Purchase"}]},{"@type":"WebSite","@id":"https:\/\/www.bleichert.de\/en\/#website","url":"https:\/\/www.bleichert.de\/en\/","name":"BLEICHERT Automation GmbH &amp; Co. KG - F\u00f6rdertechnik","description":"Individuellen Anlagen f\u00fcr die Automatisierung, der F\u00f6rdertechnik, sowie der Transport- und Verkettungstechnik","publisher":{"@id":"https:\/\/www.bleichert.de\/en\/#organization"},"potentialAction":[{"@type":"SearchAction","target":{"@type":"EntryPoint","urlTemplate":"https:\/\/www.bleichert.de\/en\/?s={search_term_string}"},"query-input":{"@type":"PropertyValueSpecification","valueRequired":true,"valueName":"search_term_string"}}],"inLanguage":"en-US"},{"@type":"Organization","@id":"https:\/\/www.bleichert.de\/en\/#organization","name":"BLEICHERT Automation GmbH & Co. KG","url":"https:\/\/www.bleichert.de\/en\/","logo":{"@type":"ImageObject","inLanguage":"en-US","@id":"https:\/\/www.bleichert.de\/en\/#\/schema\/logo\/image\/","url":"https:\/\/www.bleichert.de\/wp-content\/uploads\/2022\/05\/logo_bleichert_hometop.jpg","contentUrl":"https:\/\/www.bleichert.de\/wp-content\/uploads\/2022\/05\/logo_bleichert_hometop.jpg","width":315,"height":75,"caption":"BLEICHERT Automation GmbH & Co. KG"},"image":{"@id":"https:\/\/www.bleichert.de\/en\/#\/schema\/logo\/image\/"}}]}},"_links":{"self":[{"href":"https:\/\/www.bleichert.de\/en\/wp-json\/wp\/v2\/pages\/7803","targetHints":{"allow":["GET"]}}],"collection":[{"href":"https:\/\/www.bleichert.de\/en\/wp-json\/wp\/v2\/pages"}],"about":[{"href":"https:\/\/www.bleichert.de\/en\/wp-json\/wp\/v2\/types\/page"}],"author":[{"embeddable":true,"href":"https:\/\/www.bleichert.de\/en\/wp-json\/wp\/v2\/users\/21"}],"replies":[{"embeddable":true,"href":"https:\/\/www.bleichert.de\/en\/wp-json\/wp\/v2\/comments?post=7803"}],"version-history":[{"count":10,"href":"https:\/\/www.bleichert.de\/en\/wp-json\/wp\/v2\/pages\/7803\/revisions"}],"predecessor-version":[{"id":8611,"href":"https:\/\/www.bleichert.de\/en\/wp-json\/wp\/v2\/pages\/7803\/revisions\/8611"}],"up":[{"embeddable":true,"href":"https:\/\/www.bleichert.de\/en\/wp-json\/wp\/v2\/pages\/7625"}],"wp:attachment":[{"href":"https:\/\/www.bleichert.de\/en\/wp-json\/wp\/v2\/media?parent=7803"}],"curies":[{"name":"wp","href":"https:\/\/api.w.org\/{rel}","templated":true}]}}