{"id":7641,"date":"2022-05-30T07:25:49","date_gmt":"2022-05-30T05:25:49","guid":{"rendered":"https:\/\/www.bleichert.de\/?page_id=7641"},"modified":"2024-07-16T09:01:08","modified_gmt":"2024-07-16T07:01:08","slug":"careers","status":"publish","type":"page","link":"https:\/\/www.bleichert.de\/en\/careers\/","title":{"rendered":"CAREERS AT BLEICHERT"},"content":{"rendered":"<p><div class=\"fusion-fullwidth fullwidth-box fusion-builder-row-1 fusion-flex-container nonhundred-percent-fullwidth non-hundred-percent-height-scrolling\" style=\"--awb-border-radius-top-left:0px;--awb-border-radius-top-right:0px;--awb-border-radius-bottom-right:0px;--awb-border-radius-bottom-left:0px;--awb-flex-wrap:wrap;\" ><div class=\"fusion-builder-row fusion-row fusion-flex-align-items-flex-start fusion-flex-content-wrap\" style=\"max-width:1664px;margin-left: calc(-4% \/ 2 );margin-right: calc(-4% \/ 2 );\"><div class=\"fusion-layout-column fusion_builder_column fusion-builder-column-0 fusion_builder_column_1_1 1_1 fusion-flex-column\" style=\"--awb-bg-size:cover;--awb-width-large:100%;--awb-margin-top-large:0px;--awb-spacing-right-large:1.92%;--awb-margin-bottom-large:0px;--awb-spacing-left-large:1.92%;--awb-width-medium:100%;--awb-order-medium:0;--awb-spacing-right-medium:1.92%;--awb-spacing-left-medium:1.92%;--awb-width-small:100%;--awb-order-small:0;--awb-spacing-right-small:1.92%;--awb-spacing-left-small:1.92%;\"><div class=\"fusion-column-wrapper fusion-column-has-shadow fusion-flex-justify-content-flex-start fusion-content-layout-column\">\n<div class=\"fusion-slider-revolution rev_slider_wrapper\">\t\t\t<!-- START karriere_versprechen REVOLUTION SLIDER 6.7.41 --><p class=\"rs-p-wp-fix\"><\/p>\n\t\t\t<rs-module-wrap id=\"rev_slider_152_1_wrapper\" data-source=\"gallery\" style=\"visibility:hidden;background:transparent;padding:0;margin:0px auto;margin-top:0;margin-bottom:0;\">\n\t\t\t\t<rs-module id=\"rev_slider_152_1\" style=\"\" data-version=\"6.7.41\">\n\t\t\t\t\t<rs-slides style=\"overflow: hidden; position: absolute;\">\n\t\t\t\t\t\t<rs-slide style=\"position: absolute;\" data-key=\"rs-278\" data-title=\"Slide\" data-anim=\"adpr:false;\" data-in=\"o:0;\" data-out=\"a:false;\">\n\t\t\t\t\t\t\t<img decoding=\"async\" src=\"\/\/www.bleichert.de\/wp-content\/plugins\/revslider\/sr6\/assets\/assets\/dummy.png\" alt=\"\" title=\"Design ohne Titel (4)\" width=\"2500\" height=\"1200\" class=\"rev-slidebg tp-rs-img rs-lazyload\" data-lazyload=\"\/\/www.bleichert.de\/wp-content\/uploads\/2024\/03\/Design-ohne-Titel-4.png\" data-bg=\"f:contain;\" data-no-retina>\n<!--\n\t\t\t\t\t\t\t--><rs-layer\n\t\t\t\t\t\t\t\tid=\"slider-152-slide-278-layer-0\" \n\t\t\t\t\t\t\t\tdata-type=\"image\"\n\t\t\t\t\t\t\t\tdata-rsp_ch=\"on\"\n\t\t\t\t\t\t\t\tdata-xy=\"x:1075px;y:554px;\"\n\t\t\t\t\t\t\t\tdata-text=\"w:normal;\"\n\t\t\t\t\t\t\t\tdata-dim=\"w:1531px;h:457px;\"\n\t\t\t\t\t\t\t\tdata-blendmode=\"multiply\"\n\t\t\t\t\t\t\t\tdata-frame_0=\"x:right;\"\n\t\t\t\t\t\t\t\tdata-frame_1=\"sp:1000;\"\n\t\t\t\t\t\t\t\tdata-frame_999=\"o:0;st:w;\"\n\t\t\t\t\t\t\t\tstyle=\"z-index:6;\"\n\t\t\t\t\t\t\t><img decoding=\"async\" src=\"\/\/www.bleichert.de\/wp-content\/plugins\/revslider\/sr6\/assets\/assets\/dummy.png\" alt=\"\" class=\"tp-rs-img rs-lazyload\" width=\"1050\" height=\"407\" data-lazyload=\"\/\/www.bleichert.de\/wp-content\/uploads\/2022\/05\/overlay.png\" data-no-retina> \n\t\t\t\t\t\t\t<\/rs-layer><!--\n\n\t\t\t\t\t\t\t--><rs-layer\n\t\t\t\t\t\t\t\tid=\"slider-152-slide-278-layer-1\" \n\t\t\t\t\t\t\t\tdata-type=\"text\"\n\t\t\t\t\t\t\t\tdata-color=\"#ffffff\"\n\t\t\t\t\t\t\t\tdata-rsp_ch=\"on\"\n\t\t\t\t\t\t\t\tdata-xy=\"x:1377px;y:695px;\"\n\t\t\t\t\t\t\t\tdata-text=\"w:normal;s:80;l:84;fw:800;\"\n\t\t\t\t\t\t\t\tdata-dim=\"w:1073px;\"\n\t\t\t\t\t\t\t\tdata-frame_0=\"x:right;\"\n\t\t\t\t\t\t\t\tdata-frame_1=\"sp:1000;\"\n\t\t\t\t\t\t\t\tdata-frame_999=\"o:0;st:w;\"\n\t\t\t\t\t\t\t\tstyle=\"z-index:8;font-family:'Open Sans';text-transform:uppercase;\"\n\t\t\t\t\t\t\t>We look forward <br \/>\nto your application<br \/>\n \n\t\t\t\t\t\t\t<\/rs-layer><!--\n-->\t\t\t\t\t<\/rs-slide>\n\t\t\t\t\t<\/rs-slides>\n\t\t\t\t<\/rs-module>\n\t\t\t\t<script>\n\t\t\t\t\tsetREVStartSize({c: 'rev_slider_152_1',rl:[1118,1118,1118,800],el:[1200],gw:[2500],gh:[1200],type:'hero',justify:'',layout:'fullwidth',mh:\"0\"});if (window.RS_MODULES!==undefined && window.RS_MODULES.modules!==undefined && window.RS_MODULES.modules[\"revslider1521\"]!==undefined) {window.RS_MODULES.modules[\"revslider1521\"].once = false;window.revapi152 = undefined;if (window.RS_MODULES.checkMinimal!==undefined) window.RS_MODULES.checkMinimal()}\n\t\t\t\t<\/script>\n\t\t\t<\/rs-module-wrap>\n\t\t\t<!-- END REVOLUTION SLIDER -->\n<\/div><\/div><\/div><\/div><\/div><div class=\"fusion-bg-parallax\" data-bg-align=\"right top\" data-direction=\"down\" data-mute=\"false\" data-opacity=\"100\" data-velocity=\"-0.3\" data-mobile-enabled=\"false\" data-break_parents=\"0\" data-bg-image=\"https:\/\/www.bleichert.de\/wp-content\/uploads\/2022\/06\/net_back-1.jpg\" data-bg-repeat=\"false\" ><\/div><div class=\"fusion-fullwidth fullwidth-box fusion-builder-row-2 fusion-flex-container fusion-parallax-down nonhundred-percent-fullwidth non-hundred-percent-height-scrolling\" style=\"--awb-background-position:right top;--awb-border-radius-top-left:0px;--awb-border-radius-top-right:0px;--awb-border-radius-bottom-right:0px;--awb-border-radius-bottom-left:0px;--awb-padding-top:0px;--awb-padding-bottom:0px;--awb-padding-top-medium:0px;--awb-padding-top-small:0px;--awb-padding-right-small:30px;--awb-padding-bottom-small:0px;--awb-padding-left-small:30px;--awb-margin-bottom:0px;--awb-background-image:url(&quot;https:\/\/www.bleichert.de\/wp-content\/uploads\/2022\/06\/net_back-1.jpg&quot;);--awb-background-size:cover;--awb-flex-wrap:wrap;\" ><div class=\"fusion-builder-row fusion-row fusion-flex-align-items-flex-start fusion-flex-justify-content-center fusion-flex-content-wrap\" style=\"max-width:1664px;margin-left: calc(-4% \/ 2 );margin-right: calc(-4% \/ 2 );\"><div class=\"fusion-layout-column fusion_builder_column fusion-builder-column-1 fusion_builder_column_3_5 3_5 fusion-flex-column\" style=\"--awb-bg-size:cover;--awb-width-large:60%;--awb-margin-top-large:0px;--awb-spacing-right-large:3.2%;--awb-margin-bottom-large:40px;--awb-spacing-left-large:3.2%;--awb-width-medium:75%;--awb-order-medium:0;--awb-spacing-right-medium:2.56%;--awb-margin-bottom-medium:25px;--awb-spacing-left-medium:2.56%;--awb-width-small:100%;--awb-order-small:0;--awb-spacing-right-small:1.92%;--awb-margin-bottom-small:28px;--awb-spacing-left-small:1.92%;\"><div class=\"fusion-column-wrapper fusion-column-has-shadow fusion-flex-justify-content-flex-start fusion-content-layout-column\"><div class=\"fusion-text fusion-text-1\"><h1 style=\"text-align: center;\">Our promise:<\/h1>\n<h3 style=\"text-align: center;\">You should realize your potential and<br \/>\nfeel comfortable working at BLEICHERT\u00ae<\/h3>\n<\/div><\/div><\/div><div class=\"fusion-layout-column fusion_builder_column fusion-builder-column-2 fusion_builder_column_3_5 3_5 fusion-flex-column\" style=\"--awb-bg-size:cover;--awb-width-large:60%;--awb-margin-top-large:0px;--awb-spacing-right-large:3.2%;--awb-margin-bottom-large:20px;--awb-spacing-left-large:3.2%;--awb-width-medium:75%;--awb-order-medium:0;--awb-spacing-right-medium:2.56%;--awb-spacing-left-medium:2.56%;--awb-width-small:100%;--awb-order-small:0;--awb-spacing-right-small:1.92%;--awb-spacing-left-small:1.92%;\"><div class=\"fusion-column-wrapper fusion-column-has-shadow fusion-flex-justify-content-flex-start fusion-content-layout-column\"><div class=\"fusion-text fusion-text-2\"><p>Because we know that successful work is not done by companies, but by the people who work there.<\/p>\n<p>That&#8217;s why we see our employees as members of one big family and create a working environment that is not just about financial earnings, but about much more:<\/p>\n<ul>\n<li>Your realization on the job<\/li>\n<li>Consideration for your personal requirements<\/li>\n<li>Being there for each other<\/li>\n<\/ul>\n<p>Does that sound interesting to you? Our careers page offers, among other things, voices from our colleagues, information about working at BLEICHERT as well as our job advertisements and training and study opportunities:<\/p>\n<\/div><\/div><\/div><\/div><\/div><div class=\"fusion-bg-parallax\" data-bg-align=\"right top\" data-direction=\"down\" data-mute=\"false\" data-opacity=\"100\" data-velocity=\"-0.3\" data-mobile-enabled=\"false\" data-break_parents=\"0\" data-bg-image=\"https:\/\/www.bleichert.de\/wp-content\/uploads\/2022\/06\/net_back-1.jpg\" data-bg-repeat=\"false\" ><\/div><div class=\"fusion-fullwidth fullwidth-box fusion-builder-row-3 fusion-flex-container fusion-parallax-down nonhundred-percent-fullwidth non-hundred-percent-height-scrolling\" style=\"--awb-background-position:right top;--awb-border-radius-top-left:0px;--awb-border-radius-top-right:0px;--awb-border-radius-bottom-right:0px;--awb-border-radius-bottom-left:0px;--awb-padding-top:0px;--awb-padding-bottom:34px;--awb-padding-top-medium:0px;--awb-padding-top-small:0px;--awb-padding-right-small:30px;--awb-padding-bottom-small:0px;--awb-padding-left-small:30px;--awb-background-image:url(&quot;https:\/\/www.bleichert.de\/wp-content\/uploads\/2022\/06\/net_back-1.jpg&quot;);--awb-background-size:cover;--awb-flex-wrap:wrap;\" ><div class=\"fusion-builder-row fusion-row fusion-flex-align-items-flex-start fusion-flex-justify-content-center fusion-flex-content-wrap\" style=\"max-width:1664px;margin-left: calc(-4% \/ 2 );margin-right: calc(-4% \/ 2 );\"><div class=\"fusion-layout-column fusion_builder_column fusion-builder-column-3 fusion_builder_column_1_5 1_5 fusion-flex-column\" style=\"--awb-bg-size:cover;--awb-width-large:20%;--awb-margin-top-large:0px;--awb-spacing-right-large:0%;--awb-margin-bottom-large:20px;--awb-spacing-left-large:0.48%;--awb-width-medium:20%;--awb-order-medium:0;--awb-spacing-right-medium:0%;--awb-spacing-left-medium:0.48%;--awb-width-small:100%;--awb-order-small:0;--awb-spacing-right-small:1.92%;--awb-spacing-left-small:1.92%;\"><div class=\"fusion-column-wrapper fusion-column-has-shadow fusion-flex-justify-content-flex-start fusion-content-layout-column\"><div style=\"text-align:center;\"><a class=\"fusion-button button-flat button-xlarge button-custom fusion-button-default button-1 fusion-button-span-yes fusion-button-default-type\" style=\"--button_accent_color:#ffffff;--button_accent_hover_color:#ffffff;--button_border_hover_color:#ffffff;--button-border-radius-top-left:0;--button-border-radius-top-right:0;--button-border-radius-bottom-right:0;--button-border-radius-bottom-left:0;--button_gradient_top_color:var(--awb-color4);--button_gradient_bottom_color:var(--awb-color4);--button_gradient_top_color_hover:var(--awb-color5);--button_gradient_bottom_color_hover:var(--awb-color5);\" target=\"_self\" title=\"Career Portal\" aria-label=\"Career Portal\" href=\"https:\/\/jobs.bleichert.de\"><i class=\"fa-briefcase fas awb-button__icon awb-button__icon--default button-icon-left\" aria-hidden=\"true\"><\/i><span class=\"fusion-button-text awb-button__text awb-button__text--default\">Career Portal<\/span><\/a><\/div><\/div><\/div><\/div><\/div><div class=\"fusion-fullwidth fullwidth-box fusion-builder-row-4 fusion-flex-container nonhundred-percent-fullwidth non-hundred-percent-height-scrolling\" style=\"--awb-border-radius-top-left:0px;--awb-border-radius-top-right:0px;--awb-border-radius-bottom-right:0px;--awb-border-radius-bottom-left:0px;--awb-padding-top:41px;--awb-padding-bottom:30px;--awb-padding-top-medium:47px;--awb-padding-right-medium:30px;--awb-padding-bottom-medium:30px;--awb-padding-left-medium:30px;--awb-padding-top-small:57px;--awb-padding-bottom-small:28px;--awb-background-color:#0970b8;--awb-flex-wrap:wrap;\" ><div class=\"fusion-builder-row fusion-row fusion-flex-align-items-flex-start fusion-flex-justify-content-center fusion-flex-content-wrap\" style=\"max-width:1664px;margin-left: calc(-4% \/ 2 );margin-right: calc(-4% \/ 2 );\"><div class=\"fusion-layout-column fusion_builder_column fusion-builder-column-4 fusion_builder_column_3_5 3_5 fusion-flex-column\" style=\"--awb-bg-size:cover;--awb-width-large:60%;--awb-margin-top-large:0px;--awb-spacing-right-large:3.2%;--awb-margin-bottom-large:20px;--awb-spacing-left-large:3.2%;--awb-width-medium:75%;--awb-order-medium:0;--awb-spacing-right-medium:2.56%;--awb-spacing-left-medium:2.56%;--awb-width-small:100%;--awb-order-small:0;--awb-spacing-right-small:1.92%;--awb-margin-bottom-small:33px;--awb-spacing-left-small:1.92%;\"><div class=\"fusion-column-wrapper fusion-column-has-shadow fusion-flex-justify-content-flex-start fusion-content-layout-column\"><div class=\"fusion-text fusion-text-3\" style=\"--awb-text-color:#ffffff;--awb-margin-top:20px;--awb-text-font-family:&quot;Open Sans&quot;;--awb-text-font-style:normal;--awb-text-font-weight:400;\"><p><b>BLEICHERT<\/b><span style=\"font-size: var(--body_typography-font-size); font-style: var(--body_typography-font-style,normal); letter-spacing: var(--body_typography-letter-spacing);\">\u00ae<\/span><b style=\"font-size: var(--body_typography-font-size); font-style: var(--body_typography-font-style,normal); letter-spacing: var(--body_typography-letter-spacing);\"> is kununu Top Company 2024!<\/b><\/p>\n<p>Our staff &#8211; a well-coordinated team. Become part of our success story!<\/p>\n<\/div><\/div><\/div><\/div><\/div><\/p>\n","protected":false},"excerpt":{"rendered":"","protected":false},"author":19,"featured_media":0,"parent":0,"menu_order":9,"comment_status":"closed","ping_status":"closed","template":"100-width.php","meta":{"footnotes":""},"class_list":["post-7641","page","type-page","status-publish","hentry"],"yoast_head":"<!-- This site is optimized with the Yoast SEO plugin v27.4 - https:\/\/yoast.com\/product\/yoast-seo-wordpress\/ -->\n<title>CAREERS AT BLEICHERT - BLEICHERT Automation GmbH &amp; Co. KG - F\u00f6rdertechnik<\/title>\n<meta name=\"robots\" content=\"index, follow, max-snippet:-1, max-image-preview:large, max-video-preview:-1\" \/>\n<link rel=\"canonical\" href=\"https:\/\/www.bleichert.de\/en\/careers\/\" \/>\n<meta property=\"og:locale\" content=\"en_US\" \/>\n<meta property=\"og:type\" content=\"article\" \/>\n<meta property=\"og:title\" content=\"CAREERS AT BLEICHERT - BLEICHERT Automation GmbH &amp; Co. KG - F\u00f6rdertechnik\" \/>\n<meta property=\"og:url\" content=\"https:\/\/www.bleichert.de\/en\/careers\/\" \/>\n<meta property=\"og:site_name\" content=\"BLEICHERT Automation GmbH &amp; Co. KG - F\u00f6rdertechnik\" \/>\n<meta property=\"article:modified_time\" content=\"2024-07-16T07:01:08+00:00\" \/>\n<meta name=\"twitter:card\" content=\"summary_large_image\" \/>\n<meta name=\"twitter:label1\" content=\"Est. reading time\" \/>\n\t<meta name=\"twitter:data1\" content=\"1 minute\" \/>\n<script type=\"application\/ld+json\" class=\"yoast-schema-graph\">{\"@context\":\"https:\\\/\\\/schema.org\",\"@graph\":[{\"@type\":\"WebPage\",\"@id\":\"https:\\\/\\\/www.bleichert.de\\\/en\\\/careers\\\/\",\"url\":\"https:\\\/\\\/www.bleichert.de\\\/en\\\/careers\\\/\",\"name\":\"CAREERS AT BLEICHERT - BLEICHERT Automation GmbH &amp; Co. KG - F\u00f6rdertechnik\",\"isPartOf\":{\"@id\":\"https:\\\/\\\/www.bleichert.de\\\/en\\\/#website\"},\"datePublished\":\"2022-05-30T05:25:49+00:00\",\"dateModified\":\"2024-07-16T07:01:08+00:00\",\"breadcrumb\":{\"@id\":\"https:\\\/\\\/www.bleichert.de\\\/en\\\/careers\\\/#breadcrumb\"},\"inLanguage\":\"en-US\",\"potentialAction\":[{\"@type\":\"ReadAction\",\"target\":[\"https:\\\/\\\/www.bleichert.de\\\/en\\\/careers\\\/\"]}]},{\"@type\":\"BreadcrumbList\",\"@id\":\"https:\\\/\\\/www.bleichert.de\\\/en\\\/careers\\\/#breadcrumb\",\"itemListElement\":[{\"@type\":\"ListItem\",\"position\":1,\"name\":\"Startseite\",\"item\":\"https:\\\/\\\/www.bleichert.de\\\/en\\\/\"},{\"@type\":\"ListItem\",\"position\":2,\"name\":\"CAREERS AT BLEICHERT\"}]},{\"@type\":\"WebSite\",\"@id\":\"https:\\\/\\\/www.bleichert.de\\\/en\\\/#website\",\"url\":\"https:\\\/\\\/www.bleichert.de\\\/en\\\/\",\"name\":\"BLEICHERT Automation GmbH &amp; Co. KG - F\u00f6rdertechnik\",\"description\":\"Individuellen Anlagen f\u00fcr die Automatisierung, der F\u00f6rdertechnik, sowie der Transport- und Verkettungstechnik\",\"publisher\":{\"@id\":\"https:\\\/\\\/www.bleichert.de\\\/en\\\/#organization\"},\"potentialAction\":[{\"@type\":\"SearchAction\",\"target\":{\"@type\":\"EntryPoint\",\"urlTemplate\":\"https:\\\/\\\/www.bleichert.de\\\/en\\\/?s={search_term_string}\"},\"query-input\":{\"@type\":\"PropertyValueSpecification\",\"valueRequired\":true,\"valueName\":\"search_term_string\"}}],\"inLanguage\":\"en-US\"},{\"@type\":\"Organization\",\"@id\":\"https:\\\/\\\/www.bleichert.de\\\/en\\\/#organization\",\"name\":\"BLEICHERT Automation GmbH & Co. KG\",\"url\":\"https:\\\/\\\/www.bleichert.de\\\/en\\\/\",\"logo\":{\"@type\":\"ImageObject\",\"inLanguage\":\"en-US\",\"@id\":\"https:\\\/\\\/www.bleichert.de\\\/en\\\/#\\\/schema\\\/logo\\\/image\\\/\",\"url\":\"https:\\\/\\\/www.bleichert.de\\\/wp-content\\\/uploads\\\/2022\\\/05\\\/logo_bleichert_hometop.jpg\",\"contentUrl\":\"https:\\\/\\\/www.bleichert.de\\\/wp-content\\\/uploads\\\/2022\\\/05\\\/logo_bleichert_hometop.jpg\",\"width\":315,\"height\":75,\"caption\":\"BLEICHERT Automation GmbH & Co. KG\"},\"image\":{\"@id\":\"https:\\\/\\\/www.bleichert.de\\\/en\\\/#\\\/schema\\\/logo\\\/image\\\/\"}}]}<\/script>\n<!-- \/ Yoast SEO plugin. -->","yoast_head_json":{"title":"CAREERS AT BLEICHERT - BLEICHERT Automation GmbH &amp; Co. KG - F\u00f6rdertechnik","robots":{"index":"index","follow":"follow","max-snippet":"max-snippet:-1","max-image-preview":"max-image-preview:large","max-video-preview":"max-video-preview:-1"},"canonical":"https:\/\/www.bleichert.de\/en\/careers\/","og_locale":"en_US","og_type":"article","og_title":"CAREERS AT BLEICHERT - BLEICHERT Automation GmbH &amp; Co. KG - F\u00f6rdertechnik","og_url":"https:\/\/www.bleichert.de\/en\/careers\/","og_site_name":"BLEICHERT Automation GmbH &amp; Co. KG - F\u00f6rdertechnik","article_modified_time":"2024-07-16T07:01:08+00:00","twitter_card":"summary_large_image","twitter_misc":{"Est. reading time":"1 minute"},"schema":{"@context":"https:\/\/schema.org","@graph":[{"@type":"WebPage","@id":"https:\/\/www.bleichert.de\/en\/careers\/","url":"https:\/\/www.bleichert.de\/en\/careers\/","name":"CAREERS AT BLEICHERT - BLEICHERT Automation GmbH &amp; Co. KG - F\u00f6rdertechnik","isPartOf":{"@id":"https:\/\/www.bleichert.de\/en\/#website"},"datePublished":"2022-05-30T05:25:49+00:00","dateModified":"2024-07-16T07:01:08+00:00","breadcrumb":{"@id":"https:\/\/www.bleichert.de\/en\/careers\/#breadcrumb"},"inLanguage":"en-US","potentialAction":[{"@type":"ReadAction","target":["https:\/\/www.bleichert.de\/en\/careers\/"]}]},{"@type":"BreadcrumbList","@id":"https:\/\/www.bleichert.de\/en\/careers\/#breadcrumb","itemListElement":[{"@type":"ListItem","position":1,"name":"Startseite","item":"https:\/\/www.bleichert.de\/en\/"},{"@type":"ListItem","position":2,"name":"CAREERS AT BLEICHERT"}]},{"@type":"WebSite","@id":"https:\/\/www.bleichert.de\/en\/#website","url":"https:\/\/www.bleichert.de\/en\/","name":"BLEICHERT Automation GmbH &amp; Co. KG - F\u00f6rdertechnik","description":"Individuellen Anlagen f\u00fcr die Automatisierung, der F\u00f6rdertechnik, sowie der Transport- und Verkettungstechnik","publisher":{"@id":"https:\/\/www.bleichert.de\/en\/#organization"},"potentialAction":[{"@type":"SearchAction","target":{"@type":"EntryPoint","urlTemplate":"https:\/\/www.bleichert.de\/en\/?s={search_term_string}"},"query-input":{"@type":"PropertyValueSpecification","valueRequired":true,"valueName":"search_term_string"}}],"inLanguage":"en-US"},{"@type":"Organization","@id":"https:\/\/www.bleichert.de\/en\/#organization","name":"BLEICHERT Automation GmbH & Co. KG","url":"https:\/\/www.bleichert.de\/en\/","logo":{"@type":"ImageObject","inLanguage":"en-US","@id":"https:\/\/www.bleichert.de\/en\/#\/schema\/logo\/image\/","url":"https:\/\/www.bleichert.de\/wp-content\/uploads\/2022\/05\/logo_bleichert_hometop.jpg","contentUrl":"https:\/\/www.bleichert.de\/wp-content\/uploads\/2022\/05\/logo_bleichert_hometop.jpg","width":315,"height":75,"caption":"BLEICHERT Automation GmbH & Co. KG"},"image":{"@id":"https:\/\/www.bleichert.de\/en\/#\/schema\/logo\/image\/"}}]}},"_links":{"self":[{"href":"https:\/\/www.bleichert.de\/en\/wp-json\/wp\/v2\/pages\/7641","targetHints":{"allow":["GET"]}}],"collection":[{"href":"https:\/\/www.bleichert.de\/en\/wp-json\/wp\/v2\/pages"}],"about":[{"href":"https:\/\/www.bleichert.de\/en\/wp-json\/wp\/v2\/types\/page"}],"author":[{"embeddable":true,"href":"https:\/\/www.bleichert.de\/en\/wp-json\/wp\/v2\/users\/19"}],"replies":[{"embeddable":true,"href":"https:\/\/www.bleichert.de\/en\/wp-json\/wp\/v2\/comments?post=7641"}],"version-history":[{"count":5,"href":"https:\/\/www.bleichert.de\/en\/wp-json\/wp\/v2\/pages\/7641\/revisions"}],"predecessor-version":[{"id":8252,"href":"https:\/\/www.bleichert.de\/en\/wp-json\/wp\/v2\/pages\/7641\/revisions\/8252"}],"wp:attachment":[{"href":"https:\/\/www.bleichert.de\/en\/wp-json\/wp\/v2\/media?parent=7641"}],"curies":[{"name":"wp","href":"https:\/\/api.w.org\/{rel}","templated":true}]}}